{"id":140,"date":"2023-08-09T02:13:07","date_gmt":"2023-08-09T02:13:07","guid":{"rendered":"https:\/\/son.webrt.net\/sonotohungphat\/gio-hang\/"},"modified":"2023-08-09T02:13:07","modified_gmt":"2023-08-09T02:13:07","slug":"gio-hang","status":"publish","type":"page","link":"https:\/\/sonotohungphat.com\/?page_id=140","title":{"rendered":"Gi\u1ecf h\u00e0ng"},"content":{"rendered":"<div class=\"woocommerce\"><div class=\"text-center pt pb\">\n\t<div class=\"woocommerce-notices-wrapper\"><\/div>\n\t<div class=\"woocommerce-info message-wrapper\">\n\t\t<div class=\"message-container container medium-text-center\">\n\t\t\tYour cart is currently empty.\t\t<\/div>\n\t<\/div>\n\t\t<p class=\"return-to-shop\">\n\t\t\t<a class=\"button primary wc-backward\" href=\"https:\/\/sonotohungphat.com\/?page_id=139\">\n\t\t\t\tReturn to shop\t\t\t<\/a>\n\t\t<\/p>\n\t<\/div>\n<\/div>\n","protected":false},"excerpt":{"rendered":"","protected":false},"author":1,"featured_media":0,"parent":0,"menu_order":0,"comment_status":"closed","ping_status":"closed","template":"","meta":{"footnotes":""},"class_list":["post-140","page","type-page","status-publish","hentry"],"yoast_head":"<!-- This site is optimized with the Yoast SEO plugin v20.8 - https:\/\/yoast.com\/wordpress\/plugins\/seo\/ -->\n<title>Gi\u1ecf h\u00e0ng - S\u01a1n \u00f4 t\u00f4 H\u00f9ng Ph\u00e1t<\/title>\n<meta name=\"robots\" content=\"index, follow, max-snippet:-1, max-image-preview:large, max-video-preview:-1\" \/>\n<link rel=\"canonical\" href=\"https:\/\/sonotohungphat.com\/?page_id=140\" \/>\n<meta property=\"og:locale\" content=\"vi_VN\" \/>\n<meta property=\"og:type\" content=\"article\" \/>\n<meta property=\"og:title\" content=\"Gi\u1ecf h\u00e0ng - S\u01a1n \u00f4 t\u00f4 H\u00f9ng Ph\u00e1t\" \/>\n<meta property=\"og:url\" content=\"https:\/\/sonotohungphat.com\/?page_id=140\" \/>\n<meta property=\"og:site_name\" content=\"S\u01a1n \u00f4 t\u00f4 H\u00f9ng Ph\u00e1t\" \/>\n<meta name=\"twitter:card\" content=\"summary_large_image\" \/>\n<script type=\"application\/ld+json\" class=\"yoast-schema-graph\">{\"@context\":\"https:\/\/schema.org\",\"@graph\":[{\"@type\":\"WebPage\",\"@id\":\"https:\/\/sonotohungphat.com\/?page_id=140\",\"url\":\"https:\/\/sonotohungphat.com\/?page_id=140\",\"name\":\"Gi\u1ecf h\u00e0ng - S\u01a1n \u00f4 t\u00f4 H\u00f9ng Ph\u00e1t\",\"isPartOf\":{\"@id\":\"https:\/\/sonotohungphat.com\/#website\"},\"datePublished\":\"2023-08-09T02:13:07+00:00\",\"dateModified\":\"2023-08-09T02:13:07+00:00\",\"breadcrumb\":{\"@id\":\"https:\/\/sonotohungphat.com\/?page_id=140#breadcrumb\"},\"inLanguage\":\"vi\",\"potentialAction\":[{\"@type\":\"ReadAction\",\"target\":[\"https:\/\/sonotohungphat.com\/?page_id=140\"]}]},{\"@type\":\"BreadcrumbList\",\"@id\":\"https:\/\/sonotohungphat.com\/?page_id=140#breadcrumb\",\"itemListElement\":[{\"@type\":\"ListItem\",\"position\":1,\"name\":\"Home\",\"item\":\"https:\/\/sonotohungphat.com\/\"},{\"@type\":\"ListItem\",\"position\":2,\"name\":\"Gi\u1ecf h\u00e0ng\"}]},{\"@type\":\"WebSite\",\"@id\":\"https:\/\/sonotohungphat.com\/#website\",\"url\":\"https:\/\/sonotohungphat.com\/\",\"name\":\"S\u01a1n \u00f4 t\u00f4 H\u00f9ng Ph\u00e1t\",\"description\":\"Nh\u1eadp kh\u1ea9u v\u00e0 ph\u00e2n ph\u1ed1i \u0111\u1ed9c quy\u1ec1n s\u01a1n GENROCK t\u1ea1i th\u1ecb tr\u01b0\u1eddng Vi\u1ec7t Nam\",\"potentialAction\":[{\"@type\":\"SearchAction\",\"target\":{\"@type\":\"EntryPoint\",\"urlTemplate\":\"https:\/\/sonotohungphat.com\/?s={search_term_string}\"},\"query-input\":\"required name=search_term_string\"}],\"inLanguage\":\"vi\"}]}<\/script>\n<!-- \/ Yoast SEO plugin. -->","yoast_head_json":{"title":"Gi\u1ecf h\u00e0ng - S\u01a1n \u00f4 t\u00f4 H\u00f9ng Ph\u00e1t","robots":{"index":"index","follow":"follow","max-snippet":"max-snippet:-1","max-image-preview":"max-image-preview:large","max-video-preview":"max-video-preview:-1"},"canonical":"https:\/\/sonotohungphat.com\/?page_id=140","og_locale":"vi_VN","og_type":"article","og_title":"Gi\u1ecf h\u00e0ng - S\u01a1n \u00f4 t\u00f4 H\u00f9ng Ph\u00e1t","og_url":"https:\/\/sonotohungphat.com\/?page_id=140","og_site_name":"S\u01a1n \u00f4 t\u00f4 H\u00f9ng Ph\u00e1t","twitter_card":"summary_large_image","schema":{"@context":"https:\/\/schema.org","@graph":[{"@type":"WebPage","@id":"https:\/\/sonotohungphat.com\/?page_id=140","url":"https:\/\/sonotohungphat.com\/?page_id=140","name":"Gi\u1ecf h\u00e0ng - S\u01a1n \u00f4 t\u00f4 H\u00f9ng Ph\u00e1t","isPartOf":{"@id":"https:\/\/sonotohungphat.com\/#website"},"datePublished":"2023-08-09T02:13:07+00:00","dateModified":"2023-08-09T02:13:07+00:00","breadcrumb":{"@id":"https:\/\/sonotohungphat.com\/?page_id=140#breadcrumb"},"inLanguage":"vi","potentialAction":[{"@type":"ReadAction","target":["https:\/\/sonotohungphat.com\/?page_id=140"]}]},{"@type":"BreadcrumbList","@id":"https:\/\/sonotohungphat.com\/?page_id=140#breadcrumb","itemListElement":[{"@type":"ListItem","position":1,"name":"Home","item":"https:\/\/sonotohungphat.com\/"},{"@type":"ListItem","position":2,"name":"Gi\u1ecf h\u00e0ng"}]},{"@type":"WebSite","@id":"https:\/\/sonotohungphat.com\/#website","url":"https:\/\/sonotohungphat.com\/","name":"S\u01a1n \u00f4 t\u00f4 H\u00f9ng Ph\u00e1t","description":"Nh\u1eadp kh\u1ea9u v\u00e0 ph\u00e2n ph\u1ed1i \u0111\u1ed9c quy\u1ec1n s\u01a1n GENROCK t\u1ea1i th\u1ecb tr\u01b0\u1eddng Vi\u1ec7t Nam","potentialAction":[{"@type":"SearchAction","target":{"@type":"EntryPoint","urlTemplate":"https:\/\/sonotohungphat.com\/?s={search_term_string}"},"query-input":"required name=search_term_string"}],"inLanguage":"vi"}]}},"_links":{"self":[{"href":"https:\/\/sonotohungphat.com\/index.php?rest_route=\/wp\/v2\/pages\/140","targetHints":{"allow":["GET"]}}],"collection":[{"href":"https:\/\/sonotohungphat.com\/index.php?rest_route=\/wp\/v2\/pages"}],"about":[{"href":"https:\/\/sonotohungphat.com\/index.php?rest_route=\/wp\/v2\/types\/page"}],"author":[{"embeddable":true,"href":"https:\/\/sonotohungphat.com\/index.php?rest_route=\/wp\/v2\/users\/1"}],"replies":[{"embeddable":true,"href":"https:\/\/sonotohungphat.com\/index.php?rest_route=%2Fwp%2Fv2%2Fcomments&post=140"}],"version-history":[{"count":0,"href":"https:\/\/sonotohungphat.com\/index.php?rest_route=\/wp\/v2\/pages\/140\/revisions"}],"wp:attachment":[{"href":"https:\/\/sonotohungphat.com\/index.php?rest_route=%2Fwp%2Fv2%2Fmedia&parent=140"}],"curies":[{"name":"wp","href":"https:\/\/api.w.org\/{rel}","templated":true}]}}