{"id":647,"date":"2025-11-07T12:32:22","date_gmt":"2025-11-07T12:32:22","guid":{"rendered":"https:\/\/sonotohungphat.com\/?post_type=product&#038;p=647"},"modified":"2025-11-07T12:32:23","modified_gmt":"2025-11-07T12:32:23","slug":"son-lot-chong-rut-genrock-9900-g","status":"publish","type":"product","link":"https:\/\/sonotohungphat.com\/?product=son-lot-chong-rut-genrock-9900-g","title":{"rendered":"S\u01a1n l\u00f3t ch\u1ed1ng r\u00fat GENROCK 9900.G"},"content":{"rendered":"","protected":false},"excerpt":{"rendered":"<p><img loading=\"lazy\" decoding=\"async\" class=\"size-medium wp-image-648 aligncenter\" src=\"https:\/\/sonotohungphat.com\/wp-content\/uploads\/2025\/11\/9900G-300x300.png\" alt=\"\" width=\"300\" height=\"300\" srcset=\"https:\/\/sonotohungphat.com\/wp-content\/uploads\/2025\/11\/9900G-300x300.png 300w, https:\/\/sonotohungphat.com\/wp-content\/uploads\/2025\/11\/9900G-150x150.png 150w, https:\/\/sonotohungphat.com\/wp-content\/uploads\/2025\/11\/9900G-768x768.png 768w, https:\/\/sonotohungphat.com\/wp-content\/uploads\/2025\/11\/9900G-600x600.png 600w, https:\/\/sonotohungphat.com\/wp-content\/uploads\/2025\/11\/9900G-100x100.png 100w, https:\/\/sonotohungphat.com\/wp-content\/uploads\/2025\/11\/9900G.png 1000w\" sizes=\"auto, (max-width: 300px) 100vw, 300px\" \/><\/p>\n<h3>GenRock 9900.G: &#8220;V\u1ec7 S\u0129&#8221; \u0110\u1eafc L\u1ef1c Cho M\u1ecdi B\u1ec1 M\u1eb7t S\u01a1n<\/h3>\n<p>&nbsp;<\/p>\n<p>Khi \u0111\u1ed1i m\u1eb7t v\u1edbi nh\u1eefng chi\u1ebfc xe \u0111\u1eddi c\u0169, xe \u0111\u00e3 s\u01a1n l\u1ea1i nhi\u1ec1u l\u1ea7n b\u1eb1ng v\u1eadt li\u1ec7u kh\u00f4ng r\u00f5 ngu\u1ed3n g\u1ed1c, nguy c\u01a1 b\u1ecb &#8220;r\u00fat s\u01a1n&#8221; (lifting) l\u00e0 n\u1ed7i \u00e1m \u1ea3nh th\u01b0\u1eddng tr\u1ef1c c\u1ee7a m\u1ecdi th\u1ee3 s\u01a1n. Ch\u1ec9 m\u1ed9t ch\u00fat s\u01a1 s\u1ea9y, dung m\u00f4i m\u1edbi c\u00f3 th\u1ec3 ph\u00e1 h\u1ee7y to\u00e0n b\u1ed9 c\u00f4ng s\u1ee9c chu\u1ea9n b\u1ecb n\u1ec1n b\u00ean d\u01b0\u1edbi.<\/p>\n<p><b>S\u01a1n l\u00f3t ch\u1ed1ng r\u00fat GenRock 9900.G<\/b> (Isolator 9900.G) \u0111\u01b0\u1ee3c General Paint ph\u00e1t tri\u1ec3n \u0111\u1ec3 tr\u1edf th\u00e0nh l\u1edbp &#8220;r\u00e0o ch\u1eafn&#8221; ki\u00ean c\u1ed1 nh\u1ea5t, gi\u1ea3i quy\u1ebft d\u1ee9t \u0111i\u1ec3m b\u00e0i to\u00e1n kh\u00f3 n\u00e0y, mang l\u1ea1i s\u1ef1 an t\u00e2m tuy\u1ec7t \u0111\u1ed1i cho Gara.<\/p>\n<p>&nbsp;<\/p>\n<h3>\u01afu \u0110i\u1ec3m V\u01b0\u1ee3t Tr\u1ed9i C\u1ee7a L\u00f3t Ch\u1ed1ng R\u00fat 9900.G<\/h3>\n<p>&nbsp;<\/p>\n<p>L\u00e0 d\u00f2ng s\u1ea3n ph\u1ea9m k\u1ef9 thu\u1eadt chuy\u00ean s\u00e2u, 9900.G s\u1edf h\u1eefu nh\u1eefng \u0111\u1eb7c t\u00ednh m\u00e0 c\u00e1c lo\u1ea1i s\u01a1n l\u00f3t th\u00f4ng th\u01b0\u1eddng kh\u00f4ng th\u1ec3 c\u00f3 \u0111\u01b0\u1ee3c:<\/p>\n<ul>\n<li><b>\ud83d\udee1\ufe0f Si\u00eau C\u00e1ch Ly (Ultimate Isolation):<\/b> T\u1ea1o ra l\u1edbp m\u00e0ng ng\u0103n c\u00e1ch v\u1eefng ch\u1eafc, kh\u00f3a ch\u1eb7t b\u1ec1 m\u1eb7t n\u1ec1n c\u0169 nh\u1ea1y c\u1ea3m b\u00ean d\u01b0\u1edbi, ng\u0103n kh\u00f4ng cho dung m\u00f4i c\u1ee7a l\u1edbp s\u01a1n m\u1edbi th\u1ea9m th\u1ea5u xu\u1ed1ng g\u00e2y nh\u0103n, r\u1ed9p.<\/li>\n<li><b>\u2693 B\u00e1m D\u00ednh \u0110a N\u0103ng:<\/b> C\u00f3 kh\u1ea3 n\u0103ng b\u00e1m d\u00ednh tuy\u1ec7t v\u1eddi tr\u00ean nhi\u1ec1u lo\u1ea1i b\u1ec1 m\u1eb7t kh\u00e1c nhau, t\u1eeb s\u01a1n g\u1ed1c d\u1ea7u c\u0169, s\u01a1n TPA \u0111\u1ebfn c\u00e1c b\u1ec1 m\u1eb7t kim lo\u1ea1i \u0111\u00e3 \u0111\u01b0\u1ee3c x\u1eed l\u00fd.<\/li>\n<li><b>\u23f1\ufe0f Thi C\u00f4ng Linh Ho\u1ea1t:<\/b> C\u00f3 th\u1ec3 s\u1eed d\u1ee5ng linh ho\u1ea1t theo quy tr\u00ecnh &#8220;\u01b0\u1edbt-tr\u00ean-\u01b0\u1edbt&#8221; (wet-on-wet) \u0111\u1ec3 t\u0103ng t\u1ed1c \u0111\u1ed9, ho\u1eb7c ch\u1edd kh\u00f4 v\u00e0 x\u1ea3 nh\u00e1m nh\u1eb9 n\u1ebfu c\u1ea7n \u0111\u1ed9 ph\u1eb3ng cao h\u01a1n.<\/li>\n<li><b>\u2728 N\u1ec1n T\u1ea3ng Ho\u00e0n H\u1ea3o:<\/b> Cung c\u1ea5p m\u1ed9t b\u1ec1 m\u1eb7t l\u00e1ng m\u1ecbn, \u0111\u1ed3ng nh\u1ea5t, gi\u00fap l\u1edbp s\u01a1n m\u00e0u ph\u1ee7 l\u00ean \u0111\u1ea1t \u0111\u1ed9 s\u1eafc n\u00e9t v\u00e0 \u0111\u1ed9 b\u00f3ng t\u1ed1i \u0111a.<\/li>\n<\/ul>\n<h3><strong>Khi N\u00e0o C\u1ea7n D\u00f9ng GenRock 9900.G?<\/strong><\/h3>\n<p>S\u1ea3n ph\u1ea9m n\u00e0y l\u00e0 &#8220;c\u1ee9u c\u00e1nh&#8221; b\u1eaft bu\u1ed9c ph\u1ea3i c\u00f3 trong c\u00e1c tr\u01b0\u1eddng h\u1ee3p:<\/p>\n<ul>\n<li>\u0110\u1ea1i tu, \u0111\u1ed5i m\u00e0u c\u00e1c d\u00f2ng xe c\u0169, &#8220;xe c\u1ecf&#8221; c\u00f3 n\u1ec1n s\u01a1n y\u1ebfu.<\/li>\n<li>S\u01a1n s\u1eeda tr\u00ean c\u00e1c v\u1ecb tr\u00ed \u0111\u00e3 d\u1eb7m v\u00e1 ch\u1ed3ng ch\u00e9o nhi\u1ec1u l\u1edbp v\u1eadt li\u1ec7u kh\u00e1c nhau.<\/li>\n<li>X\u1eed l\u00fd c\u00e1c v\u1ebft ch\u00e0 nh\u00e1m b\u1ecb l\u1ed9 m\u00ed (v\u1ebft gi\u00e1p lai gi\u1eefa s\u01a1n c\u0169 v\u00e0 m\u1edbi) d\u1ec5 b\u1ecb r\u00fat.<\/li>\n<\/ul>\n<h3><strong>Mua S\u01a1n L\u00f3t GenRock 9900.G Ch\u00ednh H\u00e3ng T\u1ea1i H\u00e0 N\u1ed9i<\/strong><\/h3>\n<p>\u0110\u1ec3 tr\u00e1nh &#8220;ti\u1ec1n m\u1ea5t t\u1eadt mang&#8221; v\u00ec s\u1ef1 c\u1ed1 r\u00fat s\u01a1n, h\u00e3y trang b\u1ecb ngay <b>GenRock 9900.G<\/b> ch\u00ednh h\u00e3ng t\u1eeb <b>S\u01a1n \u00d4 T\u00f4 H\u00f9ng Ph\u00e1t<\/b>. Ch\u00fang t\u00f4i kh\u00f4ng ch\u1ec9 b\u00e1n s\u1ea3n ph\u1ea9m, ch\u00fang t\u00f4i cung c\u1ea5p gi\u1ea3i ph\u00e1p \u0111\u1ec3 c\u00f4ng vi\u1ec7c c\u1ee7a b\u1ea1n tr\u00f4i ch\u1ea3y h\u01a1n.<\/p>\n<ul>\n<li>\u2705 H\u00e0ng ch\u00ednh h\u00e3ng General Paint 100%.<\/li>\n<li>\u2705 Date m\u1edbi, ch\u1ea5t l\u01b0\u1ee3ng \u1ed5n \u0111\u1ecbnh.<\/li>\n<li>\u2705 Gi\u00e1 t\u1ed1t nh\u1ea5t cho anh em th\u1ee3 v\u00e0 Gara.<\/li>\n<\/ul>\n<hr \/>\n<h3><strong>Li\u00ean H\u1ec7 Ngay \u0110\u1ec3 \u0110\u01b0\u1ee3c T\u01b0 V\u1ea5n K\u1ef9 Thu\u1eadt!<\/strong><\/h3>\n<p>\u0110\u1eebng m\u1ea1o hi\u1ec3m v\u1edbi nh\u1eefng n\u1ec1n s\u01a1n kh\u00f4ng r\u00f5 r\u00e0ng. H\u00e3y \u0111\u1ec3 GenRock 9900.G b\u1ea3o v\u1ec7 uy t\u00edn c\u1ee7a b\u1ea1n.<\/p>\n<p><b>C\u00d4NG TY S\u01a0N \u00d4 T\u00d4 H\u00d9NG PH\u00c1T<\/b><\/p>\n<ul>\n<li><b>Hotline\/Zalo:<\/b> 0964.310.488<\/li>\n<li><b>\u0110\u1ecba ch\u1ec9:<\/b> 89 ng\u00f5 75 Xu\u00e2n \u0110\u1ec9nh, Q. B\u1eafc T\u1eeb Li\u00eam, H\u00e0 N\u1ed9i<\/li>\n<li><b>Website:<\/b> sonotohungphat.com<\/li>\n<\/ul>\n","protected":false},"featured_media":648,"comment_status":"open","ping_status":"closed","template":"","meta":[],"product_cat":[36],"product_tag":[],"class_list":{"0":"post-647","1":"product","2":"type-product","3":"status-publish","4":"has-post-thumbnail","6":"product_cat-genrock","8":"first","9":"instock","10":"shipping-taxable","11":"product-type-simple"},"yoast_head":"<!-- This site is optimized with the Yoast SEO plugin v20.8 - https:\/\/yoast.com\/wordpress\/plugins\/seo\/ -->\n<title>S\u01a1n l\u00f3t ch\u1ed1ng r\u00fat GENROCK 9900.G - S\u01a1n \u00f4 t\u00f4 H\u00f9ng Ph\u00e1t<\/title>\n<meta name=\"robots\" content=\"index, follow, max-snippet:-1, max-image-preview:large, max-video-preview:-1\" \/>\n<link rel=\"canonical\" href=\"https:\/\/sonotohungphat.com\/?product=son-lot-chong-rut-genrock-9900-g\" \/>\n<meta property=\"og:locale\" content=\"vi_VN\" \/>\n<meta property=\"og:type\" content=\"article\" \/>\n<meta property=\"og:title\" content=\"S\u01a1n l\u00f3t ch\u1ed1ng r\u00fat GENROCK 9900.G - S\u01a1n \u00f4 t\u00f4 H\u00f9ng Ph\u00e1t\" \/>\n<meta property=\"og:description\" content=\"GenRock 9900.G: &quot;V\u1ec7 S\u0129&quot; \u0110\u1eafc L\u1ef1c Cho M\u1ecdi B\u1ec1 M\u1eb7t S\u01a1n &nbsp;  Khi \u0111\u1ed1i m\u1eb7t v\u1edbi nh\u1eefng chi\u1ebfc xe \u0111\u1eddi c\u0169, xe \u0111\u00e3 s\u01a1n l\u1ea1i nhi\u1ec1u l\u1ea7n b\u1eb1ng v\u1eadt li\u1ec7u kh\u00f4ng r\u00f5 ngu\u1ed3n g\u1ed1c, nguy c\u01a1 b\u1ecb &quot;r\u00fat s\u01a1n&quot; (lifting) l\u00e0 n\u1ed7i \u00e1m \u1ea3nh th\u01b0\u1eddng tr\u1ef1c c\u1ee7a m\u1ecdi th\u1ee3 s\u01a1n. Ch\u1ec9 m\u1ed9t ch\u00fat s\u01a1 s\u1ea9y, dung m\u00f4i m\u1edbi c\u00f3 th\u1ec3 ph\u00e1 h\u1ee7y to\u00e0n b\u1ed9 c\u00f4ng s\u1ee9c chu\u1ea9n b\u1ecb n\u1ec1n b\u00ean d\u01b0\u1edbi.  S\u01a1n l\u00f3t ch\u1ed1ng r\u00fat GenRock 9900.G (Isolator 9900.G) \u0111\u01b0\u1ee3c General Paint ph\u00e1t tri\u1ec3n \u0111\u1ec3 tr\u1edf th\u00e0nh l\u1edbp &quot;r\u00e0o ch\u1eafn&quot; ki\u00ean c\u1ed1 nh\u1ea5t, gi\u1ea3i quy\u1ebft d\u1ee9t \u0111i\u1ec3m b\u00e0i to\u00e1n kh\u00f3 n\u00e0y, mang l\u1ea1i s\u1ef1 an t\u00e2m tuy\u1ec7t \u0111\u1ed1i cho Gara.  &nbsp; \u01afu \u0110i\u1ec3m V\u01b0\u1ee3t Tr\u1ed9i C\u1ee7a L\u00f3t Ch\u1ed1ng R\u00fat 9900.G &nbsp;  L\u00e0 d\u00f2ng s\u1ea3n ph\u1ea9m k\u1ef9 thu\u1eadt chuy\u00ean s\u00e2u, 9900.G s\u1edf h\u1eefu nh\u1eefng \u0111\u1eb7c t\u00ednh m\u00e0 c\u00e1c lo\u1ea1i s\u01a1n l\u00f3t th\u00f4ng th\u01b0\u1eddng kh\u00f4ng th\u1ec3 c\u00f3 \u0111\u01b0\u1ee3c:   \ud83d\udee1\ufe0f Si\u00eau C\u00e1ch Ly (Ultimate Isolation): T\u1ea1o ra l\u1edbp m\u00e0ng ng\u0103n c\u00e1ch v\u1eefng ch\u1eafc, kh\u00f3a ch\u1eb7t b\u1ec1 m\u1eb7t n\u1ec1n c\u0169 nh\u1ea1y c\u1ea3m b\u00ean d\u01b0\u1edbi, ng\u0103n kh\u00f4ng cho dung m\u00f4i c\u1ee7a l\u1edbp s\u01a1n m\u1edbi th\u1ea9m th\u1ea5u xu\u1ed1ng g\u00e2y nh\u0103n, r\u1ed9p.  \u2693 B\u00e1m D\u00ednh \u0110a N\u0103ng: C\u00f3 kh\u1ea3 n\u0103ng b\u00e1m d\u00ednh tuy\u1ec7t v\u1eddi tr\u00ean nhi\u1ec1u lo\u1ea1i b\u1ec1 m\u1eb7t kh\u00e1c nhau, t\u1eeb s\u01a1n g\u1ed1c d\u1ea7u c\u0169, s\u01a1n TPA \u0111\u1ebfn c\u00e1c b\u1ec1 m\u1eb7t kim lo\u1ea1i \u0111\u00e3 \u0111\u01b0\u1ee3c x\u1eed l\u00fd.  \u23f1\ufe0f Thi C\u00f4ng Linh Ho\u1ea1t: C\u00f3 th\u1ec3 s\u1eed d\u1ee5ng linh ho\u1ea1t theo quy tr\u00ecnh &quot;\u01b0\u1edbt-tr\u00ean-\u01b0\u1edbt&quot; (wet-on-wet) \u0111\u1ec3 t\u0103ng t\u1ed1c \u0111\u1ed9, ho\u1eb7c ch\u1edd kh\u00f4 v\u00e0 x\u1ea3 nh\u00e1m nh\u1eb9 n\u1ebfu c\u1ea7n \u0111\u1ed9 ph\u1eb3ng cao h\u01a1n.  \u2728 N\u1ec1n T\u1ea3ng Ho\u00e0n H\u1ea3o: Cung c\u1ea5p m\u1ed9t b\u1ec1 m\u1eb7t l\u00e1ng m\u1ecbn, \u0111\u1ed3ng nh\u1ea5t, gi\u00fap l\u1edbp s\u01a1n m\u00e0u ph\u1ee7 l\u00ean \u0111\u1ea1t \u0111\u1ed9 s\u1eafc n\u00e9t v\u00e0 \u0111\u1ed9 b\u00f3ng t\u1ed1i \u0111a.  Khi N\u00e0o C\u1ea7n D\u00f9ng GenRock 9900.G? S\u1ea3n ph\u1ea9m n\u00e0y l\u00e0 &quot;c\u1ee9u c\u00e1nh&quot; b\u1eaft bu\u1ed9c ph\u1ea3i c\u00f3 trong c\u00e1c tr\u01b0\u1eddng h\u1ee3p:   \u0110\u1ea1i tu, \u0111\u1ed5i m\u00e0u c\u00e1c d\u00f2ng xe c\u0169, &quot;xe c\u1ecf&quot; c\u00f3 n\u1ec1n s\u01a1n y\u1ebfu.  S\u01a1n s\u1eeda tr\u00ean c\u00e1c v\u1ecb tr\u00ed \u0111\u00e3 d\u1eb7m v\u00e1 ch\u1ed3ng ch\u00e9o nhi\u1ec1u l\u1edbp v\u1eadt li\u1ec7u kh\u00e1c nhau.  X\u1eed l\u00fd c\u00e1c v\u1ebft ch\u00e0 nh\u00e1m b\u1ecb l\u1ed9 m\u00ed (v\u1ebft gi\u00e1p lai gi\u1eefa s\u01a1n c\u0169 v\u00e0 m\u1edbi) d\u1ec5 b\u1ecb r\u00fat.  Mua S\u01a1n L\u00f3t GenRock 9900.G Ch\u00ednh H\u00e3ng T\u1ea1i H\u00e0 N\u1ed9i \u0110\u1ec3 tr\u00e1nh &quot;ti\u1ec1n m\u1ea5t t\u1eadt mang&quot; v\u00ec s\u1ef1 c\u1ed1 r\u00fat s\u01a1n, h\u00e3y trang b\u1ecb ngay GenRock 9900.G ch\u00ednh h\u00e3ng t\u1eeb S\u01a1n \u00d4 T\u00f4 H\u00f9ng Ph\u00e1t. Ch\u00fang t\u00f4i kh\u00f4ng ch\u1ec9 b\u00e1n s\u1ea3n ph\u1ea9m, ch\u00fang t\u00f4i cung c\u1ea5p gi\u1ea3i ph\u00e1p \u0111\u1ec3 c\u00f4ng vi\u1ec7c c\u1ee7a b\u1ea1n tr\u00f4i ch\u1ea3y h\u01a1n.   \u2705 H\u00e0ng ch\u00ednh h\u00e3ng General Paint 100%.  \u2705 Date m\u1edbi, ch\u1ea5t l\u01b0\u1ee3ng \u1ed5n \u0111\u1ecbnh.  \u2705 Gi\u00e1 t\u1ed1t nh\u1ea5t cho anh em th\u1ee3 v\u00e0 Gara.     Li\u00ean H\u1ec7 Ngay \u0110\u1ec3 \u0110\u01b0\u1ee3c T\u01b0 V\u1ea5n K\u1ef9 Thu\u1eadt! \u0110\u1eebng m\u1ea1o hi\u1ec3m v\u1edbi nh\u1eefng n\u1ec1n s\u01a1n kh\u00f4ng r\u00f5 r\u00e0ng. H\u00e3y \u0111\u1ec3 GenRock 9900.G b\u1ea3o v\u1ec7 uy t\u00edn c\u1ee7a b\u1ea1n.  C\u00d4NG TY S\u01a0N \u00d4 T\u00d4 H\u00d9NG PH\u00c1T   Hotline\/Zalo: 0964.310.488  \u0110\u1ecba ch\u1ec9: 89 ng\u00f5 75 Xu\u00e2n \u0110\u1ec9nh, Q. B\u1eafc T\u1eeb Li\u00eam, H\u00e0 N\u1ed9i  Website: sonotohungphat.com\" \/>\n<meta property=\"og:url\" content=\"https:\/\/sonotohungphat.com\/?product=son-lot-chong-rut-genrock-9900-g\" \/>\n<meta property=\"og:site_name\" content=\"S\u01a1n \u00f4 t\u00f4 H\u00f9ng Ph\u00e1t\" \/>\n<meta property=\"article:modified_time\" content=\"2025-11-07T12:32:23+00:00\" \/>\n<meta property=\"og:image\" content=\"https:\/\/sonotohungphat.com\/wp-content\/uploads\/2025\/11\/9900G.png\" \/>\n\t<meta property=\"og:image:width\" content=\"1000\" \/>\n\t<meta property=\"og:image:height\" content=\"1000\" \/>\n\t<meta property=\"og:image:type\" content=\"image\/png\" \/>\n<meta name=\"twitter:card\" content=\"summary_large_image\" \/>\n<script type=\"application\/ld+json\" class=\"yoast-schema-graph\">{\"@context\":\"https:\/\/schema.org\",\"@graph\":[{\"@type\":\"WebPage\",\"@id\":\"https:\/\/sonotohungphat.com\/?product=son-lot-chong-rut-genrock-9900-g\",\"url\":\"https:\/\/sonotohungphat.com\/?product=son-lot-chong-rut-genrock-9900-g\",\"name\":\"S\u01a1n l\u00f3t ch\u1ed1ng r\u00fat GENROCK 9900.G - S\u01a1n \u00f4 t\u00f4 H\u00f9ng Ph\u00e1t\",\"isPartOf\":{\"@id\":\"https:\/\/sonotohungphat.com\/#website\"},\"datePublished\":\"2025-11-07T12:32:22+00:00\",\"dateModified\":\"2025-11-07T12:32:23+00:00\",\"breadcrumb\":{\"@id\":\"https:\/\/sonotohungphat.com\/?product=son-lot-chong-rut-genrock-9900-g#breadcrumb\"},\"inLanguage\":\"vi\",\"potentialAction\":[{\"@type\":\"ReadAction\",\"target\":[\"https:\/\/sonotohungphat.com\/?product=son-lot-chong-rut-genrock-9900-g\"]}]},{\"@type\":\"BreadcrumbList\",\"@id\":\"https:\/\/sonotohungphat.com\/?product=son-lot-chong-rut-genrock-9900-g#breadcrumb\",\"itemListElement\":[{\"@type\":\"ListItem\",\"position\":1,\"name\":\"Home\",\"item\":\"https:\/\/sonotohungphat.com\/\"},{\"@type\":\"ListItem\",\"position\":2,\"name\":\"C\u1eeda h\u00e0ng\",\"item\":\"https:\/\/sonotohungphat.com\/?page_id=139\"},{\"@type\":\"ListItem\",\"position\":3,\"name\":\"S\u01a1n l\u00f3t ch\u1ed1ng r\u00fat GENROCK 9900.G\"}]},{\"@type\":\"WebSite\",\"@id\":\"https:\/\/sonotohungphat.com\/#website\",\"url\":\"https:\/\/sonotohungphat.com\/\",\"name\":\"S\u01a1n \u00f4 t\u00f4 H\u00f9ng Ph\u00e1t\",\"description\":\"Nh\u1eadp kh\u1ea9u v\u00e0 ph\u00e2n ph\u1ed1i \u0111\u1ed9c quy\u1ec1n s\u01a1n GENROCK t\u1ea1i th\u1ecb tr\u01b0\u1eddng Vi\u1ec7t Nam\",\"potentialAction\":[{\"@type\":\"SearchAction\",\"target\":{\"@type\":\"EntryPoint\",\"urlTemplate\":\"https:\/\/sonotohungphat.com\/?s={search_term_string}\"},\"query-input\":\"required name=search_term_string\"}],\"inLanguage\":\"vi\"}]}<\/script>\n<!-- \/ Yoast SEO plugin. -->","yoast_head_json":{"title":"S\u01a1n l\u00f3t ch\u1ed1ng r\u00fat GENROCK 9900.G - S\u01a1n \u00f4 t\u00f4 H\u00f9ng Ph\u00e1t","robots":{"index":"index","follow":"follow","max-snippet":"max-snippet:-1","max-image-preview":"max-image-preview:large","max-video-preview":"max-video-preview:-1"},"canonical":"https:\/\/sonotohungphat.com\/?product=son-lot-chong-rut-genrock-9900-g","og_locale":"vi_VN","og_type":"article","og_title":"S\u01a1n l\u00f3t ch\u1ed1ng r\u00fat GENROCK 9900.G - S\u01a1n \u00f4 t\u00f4 H\u00f9ng Ph\u00e1t","og_description":"GenRock 9900.G: \"V\u1ec7 S\u0129\" \u0110\u1eafc L\u1ef1c Cho M\u1ecdi B\u1ec1 M\u1eb7t S\u01a1n &nbsp;  Khi \u0111\u1ed1i m\u1eb7t v\u1edbi nh\u1eefng chi\u1ebfc xe \u0111\u1eddi c\u0169, xe \u0111\u00e3 s\u01a1n l\u1ea1i nhi\u1ec1u l\u1ea7n b\u1eb1ng v\u1eadt li\u1ec7u kh\u00f4ng r\u00f5 ngu\u1ed3n g\u1ed1c, nguy c\u01a1 b\u1ecb \"r\u00fat s\u01a1n\" (lifting) l\u00e0 n\u1ed7i \u00e1m \u1ea3nh th\u01b0\u1eddng tr\u1ef1c c\u1ee7a m\u1ecdi th\u1ee3 s\u01a1n. Ch\u1ec9 m\u1ed9t ch\u00fat s\u01a1 s\u1ea9y, dung m\u00f4i m\u1edbi c\u00f3 th\u1ec3 ph\u00e1 h\u1ee7y to\u00e0n b\u1ed9 c\u00f4ng s\u1ee9c chu\u1ea9n b\u1ecb n\u1ec1n b\u00ean d\u01b0\u1edbi.  S\u01a1n l\u00f3t ch\u1ed1ng r\u00fat GenRock 9900.G (Isolator 9900.G) \u0111\u01b0\u1ee3c General Paint ph\u00e1t tri\u1ec3n \u0111\u1ec3 tr\u1edf th\u00e0nh l\u1edbp \"r\u00e0o ch\u1eafn\" ki\u00ean c\u1ed1 nh\u1ea5t, gi\u1ea3i quy\u1ebft d\u1ee9t \u0111i\u1ec3m b\u00e0i to\u00e1n kh\u00f3 n\u00e0y, mang l\u1ea1i s\u1ef1 an t\u00e2m tuy\u1ec7t \u0111\u1ed1i cho Gara.  &nbsp; \u01afu \u0110i\u1ec3m V\u01b0\u1ee3t Tr\u1ed9i C\u1ee7a L\u00f3t Ch\u1ed1ng R\u00fat 9900.G &nbsp;  L\u00e0 d\u00f2ng s\u1ea3n ph\u1ea9m k\u1ef9 thu\u1eadt chuy\u00ean s\u00e2u, 9900.G s\u1edf h\u1eefu nh\u1eefng \u0111\u1eb7c t\u00ednh m\u00e0 c\u00e1c lo\u1ea1i s\u01a1n l\u00f3t th\u00f4ng th\u01b0\u1eddng kh\u00f4ng th\u1ec3 c\u00f3 \u0111\u01b0\u1ee3c:   \ud83d\udee1\ufe0f Si\u00eau C\u00e1ch Ly (Ultimate Isolation): T\u1ea1o ra l\u1edbp m\u00e0ng ng\u0103n c\u00e1ch v\u1eefng ch\u1eafc, kh\u00f3a ch\u1eb7t b\u1ec1 m\u1eb7t n\u1ec1n c\u0169 nh\u1ea1y c\u1ea3m b\u00ean d\u01b0\u1edbi, ng\u0103n kh\u00f4ng cho dung m\u00f4i c\u1ee7a l\u1edbp s\u01a1n m\u1edbi th\u1ea9m th\u1ea5u xu\u1ed1ng g\u00e2y nh\u0103n, r\u1ed9p.  \u2693 B\u00e1m D\u00ednh \u0110a N\u0103ng: C\u00f3 kh\u1ea3 n\u0103ng b\u00e1m d\u00ednh tuy\u1ec7t v\u1eddi tr\u00ean nhi\u1ec1u lo\u1ea1i b\u1ec1 m\u1eb7t kh\u00e1c nhau, t\u1eeb s\u01a1n g\u1ed1c d\u1ea7u c\u0169, s\u01a1n TPA \u0111\u1ebfn c\u00e1c b\u1ec1 m\u1eb7t kim lo\u1ea1i \u0111\u00e3 \u0111\u01b0\u1ee3c x\u1eed l\u00fd.  \u23f1\ufe0f Thi C\u00f4ng Linh Ho\u1ea1t: C\u00f3 th\u1ec3 s\u1eed d\u1ee5ng linh ho\u1ea1t theo quy tr\u00ecnh \"\u01b0\u1edbt-tr\u00ean-\u01b0\u1edbt\" (wet-on-wet) \u0111\u1ec3 t\u0103ng t\u1ed1c \u0111\u1ed9, ho\u1eb7c ch\u1edd kh\u00f4 v\u00e0 x\u1ea3 nh\u00e1m nh\u1eb9 n\u1ebfu c\u1ea7n \u0111\u1ed9 ph\u1eb3ng cao h\u01a1n.  \u2728 N\u1ec1n T\u1ea3ng Ho\u00e0n H\u1ea3o: Cung c\u1ea5p m\u1ed9t b\u1ec1 m\u1eb7t l\u00e1ng m\u1ecbn, \u0111\u1ed3ng nh\u1ea5t, gi\u00fap l\u1edbp s\u01a1n m\u00e0u ph\u1ee7 l\u00ean \u0111\u1ea1t \u0111\u1ed9 s\u1eafc n\u00e9t v\u00e0 \u0111\u1ed9 b\u00f3ng t\u1ed1i \u0111a.  Khi N\u00e0o C\u1ea7n D\u00f9ng GenRock 9900.G? S\u1ea3n ph\u1ea9m n\u00e0y l\u00e0 \"c\u1ee9u c\u00e1nh\" b\u1eaft bu\u1ed9c ph\u1ea3i c\u00f3 trong c\u00e1c tr\u01b0\u1eddng h\u1ee3p:   \u0110\u1ea1i tu, \u0111\u1ed5i m\u00e0u c\u00e1c d\u00f2ng xe c\u0169, \"xe c\u1ecf\" c\u00f3 n\u1ec1n s\u01a1n y\u1ebfu.  S\u01a1n s\u1eeda tr\u00ean c\u00e1c v\u1ecb tr\u00ed \u0111\u00e3 d\u1eb7m v\u00e1 ch\u1ed3ng ch\u00e9o nhi\u1ec1u l\u1edbp v\u1eadt li\u1ec7u kh\u00e1c nhau.  X\u1eed l\u00fd c\u00e1c v\u1ebft ch\u00e0 nh\u00e1m b\u1ecb l\u1ed9 m\u00ed (v\u1ebft gi\u00e1p lai gi\u1eefa s\u01a1n c\u0169 v\u00e0 m\u1edbi) d\u1ec5 b\u1ecb r\u00fat.  Mua S\u01a1n L\u00f3t GenRock 9900.G Ch\u00ednh H\u00e3ng T\u1ea1i H\u00e0 N\u1ed9i \u0110\u1ec3 tr\u00e1nh \"ti\u1ec1n m\u1ea5t t\u1eadt mang\" v\u00ec s\u1ef1 c\u1ed1 r\u00fat s\u01a1n, h\u00e3y trang b\u1ecb ngay GenRock 9900.G ch\u00ednh h\u00e3ng t\u1eeb S\u01a1n \u00d4 T\u00f4 H\u00f9ng Ph\u00e1t. Ch\u00fang t\u00f4i kh\u00f4ng ch\u1ec9 b\u00e1n s\u1ea3n ph\u1ea9m, ch\u00fang t\u00f4i cung c\u1ea5p gi\u1ea3i ph\u00e1p \u0111\u1ec3 c\u00f4ng vi\u1ec7c c\u1ee7a b\u1ea1n tr\u00f4i ch\u1ea3y h\u01a1n.   \u2705 H\u00e0ng ch\u00ednh h\u00e3ng General Paint 100%.  \u2705 Date m\u1edbi, ch\u1ea5t l\u01b0\u1ee3ng \u1ed5n \u0111\u1ecbnh.  \u2705 Gi\u00e1 t\u1ed1t nh\u1ea5t cho anh em th\u1ee3 v\u00e0 Gara.     Li\u00ean H\u1ec7 Ngay \u0110\u1ec3 \u0110\u01b0\u1ee3c T\u01b0 V\u1ea5n K\u1ef9 Thu\u1eadt! \u0110\u1eebng m\u1ea1o hi\u1ec3m v\u1edbi nh\u1eefng n\u1ec1n s\u01a1n kh\u00f4ng r\u00f5 r\u00e0ng. H\u00e3y \u0111\u1ec3 GenRock 9900.G b\u1ea3o v\u1ec7 uy t\u00edn c\u1ee7a b\u1ea1n.  C\u00d4NG TY S\u01a0N \u00d4 T\u00d4 H\u00d9NG PH\u00c1T   Hotline\/Zalo: 0964.310.488  \u0110\u1ecba ch\u1ec9: 89 ng\u00f5 75 Xu\u00e2n \u0110\u1ec9nh, Q. B\u1eafc T\u1eeb Li\u00eam, H\u00e0 N\u1ed9i  Website: sonotohungphat.com","og_url":"https:\/\/sonotohungphat.com\/?product=son-lot-chong-rut-genrock-9900-g","og_site_name":"S\u01a1n \u00f4 t\u00f4 H\u00f9ng Ph\u00e1t","article_modified_time":"2025-11-07T12:32:23+00:00","og_image":[{"width":1000,"height":1000,"url":"https:\/\/sonotohungphat.com\/wp-content\/uploads\/2025\/11\/9900G.png","type":"image\/png"}],"twitter_card":"summary_large_image","schema":{"@context":"https:\/\/schema.org","@graph":[{"@type":"WebPage","@id":"https:\/\/sonotohungphat.com\/?product=son-lot-chong-rut-genrock-9900-g","url":"https:\/\/sonotohungphat.com\/?product=son-lot-chong-rut-genrock-9900-g","name":"S\u01a1n l\u00f3t ch\u1ed1ng r\u00fat GENROCK 9900.G - S\u01a1n \u00f4 t\u00f4 H\u00f9ng Ph\u00e1t","isPartOf":{"@id":"https:\/\/sonotohungphat.com\/#website"},"datePublished":"2025-11-07T12:32:22+00:00","dateModified":"2025-11-07T12:32:23+00:00","breadcrumb":{"@id":"https:\/\/sonotohungphat.com\/?product=son-lot-chong-rut-genrock-9900-g#breadcrumb"},"inLanguage":"vi","potentialAction":[{"@type":"ReadAction","target":["https:\/\/sonotohungphat.com\/?product=son-lot-chong-rut-genrock-9900-g"]}]},{"@type":"BreadcrumbList","@id":"https:\/\/sonotohungphat.com\/?product=son-lot-chong-rut-genrock-9900-g#breadcrumb","itemListElement":[{"@type":"ListItem","position":1,"name":"Home","item":"https:\/\/sonotohungphat.com\/"},{"@type":"ListItem","position":2,"name":"C\u1eeda h\u00e0ng","item":"https:\/\/sonotohungphat.com\/?page_id=139"},{"@type":"ListItem","position":3,"name":"S\u01a1n l\u00f3t ch\u1ed1ng r\u00fat GENROCK 9900.G"}]},{"@type":"WebSite","@id":"https:\/\/sonotohungphat.com\/#website","url":"https:\/\/sonotohungphat.com\/","name":"S\u01a1n \u00f4 t\u00f4 H\u00f9ng Ph\u00e1t","description":"Nh\u1eadp kh\u1ea9u v\u00e0 ph\u00e2n ph\u1ed1i \u0111\u1ed9c quy\u1ec1n s\u01a1n GENROCK t\u1ea1i th\u1ecb tr\u01b0\u1eddng Vi\u1ec7t Nam","potentialAction":[{"@type":"SearchAction","target":{"@type":"EntryPoint","urlTemplate":"https:\/\/sonotohungphat.com\/?s={search_term_string}"},"query-input":"required name=search_term_string"}],"inLanguage":"vi"}]}},"_links":{"self":[{"href":"https:\/\/sonotohungphat.com\/index.php?rest_route=\/wp\/v2\/product\/647","targetHints":{"allow":["GET"]}}],"collection":[{"href":"https:\/\/sonotohungphat.com\/index.php?rest_route=\/wp\/v2\/product"}],"about":[{"href":"https:\/\/sonotohungphat.com\/index.php?rest_route=\/wp\/v2\/types\/product"}],"replies":[{"embeddable":true,"href":"https:\/\/sonotohungphat.com\/index.php?rest_route=%2Fwp%2Fv2%2Fcomments&post=647"}],"wp:featuredmedia":[{"embeddable":true,"href":"https:\/\/sonotohungphat.com\/index.php?rest_route=\/wp\/v2\/media\/648"}],"wp:attachment":[{"href":"https:\/\/sonotohungphat.com\/index.php?rest_route=%2Fwp%2Fv2%2Fmedia&parent=647"}],"wp:term":[{"taxonomy":"product_cat","embeddable":true,"href":"https:\/\/sonotohungphat.com\/index.php?rest_route=%2Fwp%2Fv2%2Fproduct_cat&post=647"},{"taxonomy":"product_tag","embeddable":true,"href":"https:\/\/sonotohungphat.com\/index.php?rest_route=%2Fwp%2Fv2%2Fproduct_tag&post=647"}],"curies":[{"name":"wp","href":"https:\/\/api.w.org\/{rel}","templated":true}]}}