{"id":651,"date":"2025-11-07T12:42:04","date_gmt":"2025-11-07T12:42:04","guid":{"rendered":"https:\/\/sonotohungphat.com\/?post_type=product&#038;p=651"},"modified":"2025-11-07T12:42:26","modified_gmt":"2025-11-07T12:42:26","slug":"ma-tit-genrock-g80y","status":"publish","type":"product","link":"https:\/\/sonotohungphat.com\/?product=ma-tit-genrock-g80y","title":{"rendered":"Ma T\u00edt GENROCK G80Y"},"content":{"rendered":"","protected":false},"excerpt":{"rendered":"<h3><img loading=\"lazy\" decoding=\"async\" class=\"size-medium wp-image-652 aligncenter\" src=\"https:\/\/sonotohungphat.com\/wp-content\/uploads\/2025\/11\/G80Y-300x300.png\" alt=\"\" width=\"300\" height=\"300\" srcset=\"https:\/\/sonotohungphat.com\/wp-content\/uploads\/2025\/11\/G80Y-300x300.png 300w, https:\/\/sonotohungphat.com\/wp-content\/uploads\/2025\/11\/G80Y-150x150.png 150w, https:\/\/sonotohungphat.com\/wp-content\/uploads\/2025\/11\/G80Y-768x768.png 768w, https:\/\/sonotohungphat.com\/wp-content\/uploads\/2025\/11\/G80Y-600x600.png 600w, https:\/\/sonotohungphat.com\/wp-content\/uploads\/2025\/11\/G80Y-100x100.png 100w, https:\/\/sonotohungphat.com\/wp-content\/uploads\/2025\/11\/G80Y.png 1000w\" sizes=\"auto, (max-width: 300px) 100vw, 300px\" \/><\/h3>\n<h3>Ma T\u00edt G80Y: S\u1ef1 L\u1ef1a Ch\u1ecdn Tin C\u1eady C\u1ee7a Th\u1ee3 Chuy\u00ean Nghi\u1ec7p<\/h3>\n<p>Trong c\u00f4ng \u0111o\u1ea1n t\u1ea1o phom v\u00e0 l\u00e0m ph\u1eb3ng b\u1ec1 m\u1eb7t th\u00e2n v\u1ecf, ng\u01b0\u1eddi th\u1ee3 c\u1ea7n m\u1ed9t lo\u1ea1i ma t\u00edt kh\u00f4ng ch\u1ec9 &#8220;\u0103n&#8221; v\u00e0o b\u1ec1 m\u1eb7t kim lo\u1ea1i m\u00e0 c\u00f2n ph\u1ea3i d\u1ec5 d\u00e0ng t\u1ea1o h\u00ecnh. <b>Ma t\u00edt v\u00e0ng G80Y<\/b> ch\u00ednh l\u00e0 c\u00e2u tr\u1ea3 l\u1eddi ho\u00e0n h\u1ea3o.<\/p>\n<p>\u0110\u01b0\u1ee3c ch\u1ebf t\u1ea1o v\u1edbi c\u00f4ng th\u1ee9c ti\u00ean ti\u1ebfn, G80Y mang l\u1ea1i tr\u1ea3i nghi\u1ec7m thi c\u00f4ng tuy\u1ec7t v\u1eddi, gi\u00fap r\u00fat ng\u1eafn th\u1eddi gian l\u00e0m n\u1ec1n m\u00e0 v\u1eabn \u0111\u1ea3m b\u1ea3o ch\u1ea5t l\u01b0\u1ee3ng b\u1ec1 m\u1eb7t l\u00e1ng m\u1ecbn, s\u1eb5n s\u00e0ng cho c\u00e1c b\u01b0\u1edbc s\u01a1n l\u00f3t ti\u1ebfp theo.<\/p>\n<h3>\u01afu \u0110i\u1ec3m N\u1ed5i B\u1eadt C\u1ee7a B\u1ea3 V\u00e0ng G80Y<\/h3>\n<p>G80Y chinh ph\u1ee5c c\u00e1c Gara nh\u1edd nh\u1eefng \u0111\u1eb7c t\u00ednh k\u1ef9 thu\u1eadt v\u01b0\u1ee3t tr\u1ed9i:<\/p>\n<ul>\n<li><b>\ud83d\udee0\ufe0f X\u1ea3 Nh\u00e1m Nh\u1eb9 Nh\u00e0ng (Excellent Sandability):<\/b> G80Y kh\u00f4 nhanh v\u00e0 cho \u0111\u1ed9 ph\u1ea5n r\u1ea5t t\u1ed1t khi x\u1ea3 nh\u00e1m. Th\u1ee3 l\u00e0m n\u1ec1n c\u00f3 th\u1ec3 x\u1ea3 nh\u1eb9 tay, nhanh ch\u00f3ng \u0111\u1ea1t \u0111\u01b0\u1ee3c \u0111\u1ed9 ph\u1eb3ng mong mu\u1ed1n m\u00e0 kh\u00f4ng lo b\u1ecb b\u1ebft gi\u1ea5y nh\u00e1m.<\/li>\n<li><b>\u2728 B\u1ec1 M\u1eb7t Si\u00eau M\u1ecbn &amp; \u0110anh C\u1ee9ng:<\/b> H\u1ea1t ma t\u00edt m\u1ecbn gi\u00fap b\u1ec1 m\u1eb7t sau khi x\u1ea3 r\u1ea5t l\u00e1ng, h\u1ea1n ch\u1ebf t\u1ed1i \u0111a hi\u1ec7n t\u01b0\u1ee3ng l\u1ed7 kim (l\u1ed7 m\u1ecdt), gi\u1ea3m thi\u1ec3u c\u00f4ng \u0111o\u1ea1n b\u1ea3 l\u00e1ng (b\u1ea3 matit 1K) sau \u0111\u00f3.<\/li>\n<li><b>\u2693 \u0110\u1ed9 B\u00e1m D\u00ednh \u0110a N\u0103ng:<\/b> G80Y c\u00f3 kh\u1ea3 n\u0103ng b\u00e1m d\u00ednh ch\u1eb7t ch\u1ebd tr\u00ean nhi\u1ec1u lo\u1ea1i b\u1ec1 m\u1eb7t, t\u1eeb t\u00f4n tr\u1ea7n, th\u00e9p m\u1ea1 k\u1ebdm (c\u1ea7n x\u1eed l\u00fd \u0111\u00fang k\u1ef9 thu\u1eadt) \u0111\u1ebfn c\u00e1c l\u1edbp s\u01a1n c\u0169, \u0111\u1ea3m b\u1ea3o kh\u00f4ng b\u1ecb bong tr\u00f3c trong qu\u00e1 tr\u00ecnh s\u1eed d\u1ee5ng.<\/li>\n<li><b>\ud83d\udee1\ufe0f Kh\u00f4ng Co Ng\u00f3t:<\/b> \u0110\u1ed9 \u1ed5n \u0111\u1ecbnh cao, kh\u00f4ng b\u1ecb r\u00fat hay n\u1ee9t sau khi kh\u00f4 ho\u00e0n to\u00e0n, gi\u1eef nguy\u00ean phom xe chu\u1ea9n x\u00e1c.<\/li>\n<\/ul>\n<h3>\u1ee8ng D\u1ee5ng Th\u1ef1c T\u1ebf<\/h3>\n<ul>\n<li>S\u1eed d\u1ee5ng \u0111\u1ec3 \u0111i\u1ec1n \u0111\u1ea7y c\u00e1c v\u1ebft l\u00f5m s\u00e2u, v\u1ebft tr\u1ea7y x\u01b0\u1edbc l\u1edbn tr\u00ean th\u00e2n v\u1ecf \u00f4 t\u00f4.<\/li>\n<li>Ph\u00f9 h\u1ee3p cho c\u1ea3 s\u1eeda ch\u1eefa d\u1eb7m v\u00e1 nh\u1ecf v\u00e0 \u0111\u1ea1i tu to\u00e0n b\u1ed9 xe.<\/li>\n<\/ul>\n<h3>Mua Ma T\u00edt G80Y Ch\u00ednh H\u00e3ng Gi\u00e1 T\u1ed1t T\u1ea1i H\u00f9ng Ph\u00e1t<\/h3>\n<p>\u0110\u1ec3 \u0111\u1ea3m b\u1ea3o ch\u1ea5t l\u01b0\u1ee3ng c\u00f4ng tr\u00ecnh v\u00e0 ti\u1ebfn \u0111\u1ed9 c\u00f4ng vi\u1ec7c, vi\u1ec7c l\u1ef1a ch\u1ecdn ngu\u1ed3n cung c\u1ea5p v\u1eadt t\u01b0 \u1ed5n \u0111\u1ecbnh l\u00e0 r\u1ea5t quan tr\u1ecdng. <b>S\u01a1n \u00d4 T\u00f4 H\u00f9ng Ph\u00e1t<\/b> cam k\u1ebft cung c\u1ea5p Ma t\u00edt G80Y ch\u00ednh h\u00e3ng, lu\u00f4n m\u1edbi 100% v\u1edbi m\u1ee9c gi\u00e1 t\u1ed1t nh\u1ea5t cho anh em th\u1ee3.<\/p>\n<ul>\n<li>\u2705 H\u00e0ng s\u1eb5n kho s\u1ed1 l\u01b0\u1ee3ng l\u1edbn, g\u1ecdi l\u00e0 c\u00f3.<\/li>\n<li>\u2705 Gi\u00e1 s\u1ec9 c\u1ea1nh tranh nh\u1ea5t khu v\u1ef1c H\u00e0 N\u1ed9i.<\/li>\n<li>\u2705 H\u1ed7 tr\u1ee3 giao h\u00e0ng nhanh ch\u00f3ng t\u1eadn Gara.<\/li>\n<\/ul>\n<hr \/>\n<h3>Li\u00ean H\u1ec7 \u0110\u1eb7t H\u00e0ng Ngay H\u00f4m Nay!<\/h3>\n<p>Trang b\u1ecb ngay Ma t\u00edt G80Y \u0111\u1ec3 c\u00f4ng vi\u1ec7c l\u00e0m n\u1ec1n tr\u1edf n\u00ean d\u1ec5 d\u00e0ng v\u00e0 hi\u1ec7u qu\u1ea3 h\u01a1n bao gi\u1edd h\u1ebft.<\/p>\n<p><b>C\u00d4NG TY S\u01a0N \u00d4 T\u00d4 H\u00d9NG PH\u00c1T<\/b><\/p>\n<ul>\n<li><b>Hotline\/Zalo:<\/b> 0964.310.488<\/li>\n<li><b>\u0110\u1ecba ch\u1ec9:<\/b> 89 ng\u00f5 75 Xu\u00e2n \u0110\u1ec9nh, Q. B\u1eafc T\u1eeb Li\u00eam, H\u00e0 N\u1ed9i<\/li>\n<li><b>Website:<\/b> sonotohungphat.com<\/li>\n<\/ul>\n","protected":false},"featured_media":652,"comment_status":"open","ping_status":"closed","template":"","meta":[],"product_cat":[36],"product_tag":[],"class_list":{"0":"post-651","1":"product","2":"type-product","3":"status-publish","4":"has-post-thumbnail","6":"product_cat-genrock","8":"first","9":"instock","10":"shipping-taxable","11":"product-type-simple"},"yoast_head":"<!-- This site is optimized with the Yoast SEO plugin v20.8 - https:\/\/yoast.com\/wordpress\/plugins\/seo\/ -->\n<title>Ma T\u00edt GENROCK G80Y - S\u01a1n \u00f4 t\u00f4 H\u00f9ng Ph\u00e1t<\/title>\n<meta name=\"robots\" content=\"index, follow, max-snippet:-1, max-image-preview:large, max-video-preview:-1\" \/>\n<link rel=\"canonical\" href=\"https:\/\/sonotohungphat.com\/?product=ma-tit-genrock-g80y\" \/>\n<meta property=\"og:locale\" content=\"vi_VN\" \/>\n<meta property=\"og:type\" content=\"article\" \/>\n<meta property=\"og:title\" content=\"Ma T\u00edt GENROCK G80Y - S\u01a1n \u00f4 t\u00f4 H\u00f9ng Ph\u00e1t\" \/>\n<meta property=\"og:description\" content=\"Ma T\u00edt G80Y: S\u1ef1 L\u1ef1a Ch\u1ecdn Tin C\u1eady C\u1ee7a Th\u1ee3 Chuy\u00ean Nghi\u1ec7p Trong c\u00f4ng \u0111o\u1ea1n t\u1ea1o phom v\u00e0 l\u00e0m ph\u1eb3ng b\u1ec1 m\u1eb7t th\u00e2n v\u1ecf, ng\u01b0\u1eddi th\u1ee3 c\u1ea7n m\u1ed9t lo\u1ea1i ma t\u00edt kh\u00f4ng ch\u1ec9 &quot;\u0103n&quot; v\u00e0o b\u1ec1 m\u1eb7t kim lo\u1ea1i m\u00e0 c\u00f2n ph\u1ea3i d\u1ec5 d\u00e0ng t\u1ea1o h\u00ecnh. Ma t\u00edt v\u00e0ng G80Y ch\u00ednh l\u00e0 c\u00e2u tr\u1ea3 l\u1eddi ho\u00e0n h\u1ea3o.  \u0110\u01b0\u1ee3c ch\u1ebf t\u1ea1o v\u1edbi c\u00f4ng th\u1ee9c ti\u00ean ti\u1ebfn, G80Y mang l\u1ea1i tr\u1ea3i nghi\u1ec7m thi c\u00f4ng tuy\u1ec7t v\u1eddi, gi\u00fap r\u00fat ng\u1eafn th\u1eddi gian l\u00e0m n\u1ec1n m\u00e0 v\u1eabn \u0111\u1ea3m b\u1ea3o ch\u1ea5t l\u01b0\u1ee3ng b\u1ec1 m\u1eb7t l\u00e1ng m\u1ecbn, s\u1eb5n s\u00e0ng cho c\u00e1c b\u01b0\u1edbc s\u01a1n l\u00f3t ti\u1ebfp theo. \u01afu \u0110i\u1ec3m N\u1ed5i B\u1eadt C\u1ee7a B\u1ea3 V\u00e0ng G80Y G80Y chinh ph\u1ee5c c\u00e1c Gara nh\u1edd nh\u1eefng \u0111\u1eb7c t\u00ednh k\u1ef9 thu\u1eadt v\u01b0\u1ee3t tr\u1ed9i:   \ud83d\udee0\ufe0f X\u1ea3 Nh\u00e1m Nh\u1eb9 Nh\u00e0ng (Excellent Sandability): G80Y kh\u00f4 nhanh v\u00e0 cho \u0111\u1ed9 ph\u1ea5n r\u1ea5t t\u1ed1t khi x\u1ea3 nh\u00e1m. Th\u1ee3 l\u00e0m n\u1ec1n c\u00f3 th\u1ec3 x\u1ea3 nh\u1eb9 tay, nhanh ch\u00f3ng \u0111\u1ea1t \u0111\u01b0\u1ee3c \u0111\u1ed9 ph\u1eb3ng mong mu\u1ed1n m\u00e0 kh\u00f4ng lo b\u1ecb b\u1ebft gi\u1ea5y nh\u00e1m.  \u2728 B\u1ec1 M\u1eb7t Si\u00eau M\u1ecbn &amp; \u0110anh C\u1ee9ng: H\u1ea1t ma t\u00edt m\u1ecbn gi\u00fap b\u1ec1 m\u1eb7t sau khi x\u1ea3 r\u1ea5t l\u00e1ng, h\u1ea1n ch\u1ebf t\u1ed1i \u0111a hi\u1ec7n t\u01b0\u1ee3ng l\u1ed7 kim (l\u1ed7 m\u1ecdt), gi\u1ea3m thi\u1ec3u c\u00f4ng \u0111o\u1ea1n b\u1ea3 l\u00e1ng (b\u1ea3 matit 1K) sau \u0111\u00f3.  \u2693 \u0110\u1ed9 B\u00e1m D\u00ednh \u0110a N\u0103ng: G80Y c\u00f3 kh\u1ea3 n\u0103ng b\u00e1m d\u00ednh ch\u1eb7t ch\u1ebd tr\u00ean nhi\u1ec1u lo\u1ea1i b\u1ec1 m\u1eb7t, t\u1eeb t\u00f4n tr\u1ea7n, th\u00e9p m\u1ea1 k\u1ebdm (c\u1ea7n x\u1eed l\u00fd \u0111\u00fang k\u1ef9 thu\u1eadt) \u0111\u1ebfn c\u00e1c l\u1edbp s\u01a1n c\u0169, \u0111\u1ea3m b\u1ea3o kh\u00f4ng b\u1ecb bong tr\u00f3c trong qu\u00e1 tr\u00ecnh s\u1eed d\u1ee5ng.  \ud83d\udee1\ufe0f Kh\u00f4ng Co Ng\u00f3t: \u0110\u1ed9 \u1ed5n \u0111\u1ecbnh cao, kh\u00f4ng b\u1ecb r\u00fat hay n\u1ee9t sau khi kh\u00f4 ho\u00e0n to\u00e0n, gi\u1eef nguy\u00ean phom xe chu\u1ea9n x\u00e1c.  \u1ee8ng D\u1ee5ng Th\u1ef1c T\u1ebf   S\u1eed d\u1ee5ng \u0111\u1ec3 \u0111i\u1ec1n \u0111\u1ea7y c\u00e1c v\u1ebft l\u00f5m s\u00e2u, v\u1ebft tr\u1ea7y x\u01b0\u1edbc l\u1edbn tr\u00ean th\u00e2n v\u1ecf \u00f4 t\u00f4.  Ph\u00f9 h\u1ee3p cho c\u1ea3 s\u1eeda ch\u1eefa d\u1eb7m v\u00e1 nh\u1ecf v\u00e0 \u0111\u1ea1i tu to\u00e0n b\u1ed9 xe.  Mua Ma T\u00edt G80Y Ch\u00ednh H\u00e3ng Gi\u00e1 T\u1ed1t T\u1ea1i H\u00f9ng Ph\u00e1t \u0110\u1ec3 \u0111\u1ea3m b\u1ea3o ch\u1ea5t l\u01b0\u1ee3ng c\u00f4ng tr\u00ecnh v\u00e0 ti\u1ebfn \u0111\u1ed9 c\u00f4ng vi\u1ec7c, vi\u1ec7c l\u1ef1a ch\u1ecdn ngu\u1ed3n cung c\u1ea5p v\u1eadt t\u01b0 \u1ed5n \u0111\u1ecbnh l\u00e0 r\u1ea5t quan tr\u1ecdng. S\u01a1n \u00d4 T\u00f4 H\u00f9ng Ph\u00e1t cam k\u1ebft cung c\u1ea5p Ma t\u00edt G80Y ch\u00ednh h\u00e3ng, lu\u00f4n m\u1edbi 100% v\u1edbi m\u1ee9c gi\u00e1 t\u1ed1t nh\u1ea5t cho anh em th\u1ee3.   \u2705 H\u00e0ng s\u1eb5n kho s\u1ed1 l\u01b0\u1ee3ng l\u1edbn, g\u1ecdi l\u00e0 c\u00f3.  \u2705 Gi\u00e1 s\u1ec9 c\u1ea1nh tranh nh\u1ea5t khu v\u1ef1c H\u00e0 N\u1ed9i.  \u2705 H\u1ed7 tr\u1ee3 giao h\u00e0ng nhanh ch\u00f3ng t\u1eadn Gara.     Li\u00ean H\u1ec7 \u0110\u1eb7t H\u00e0ng Ngay H\u00f4m Nay! Trang b\u1ecb ngay Ma t\u00edt G80Y \u0111\u1ec3 c\u00f4ng vi\u1ec7c l\u00e0m n\u1ec1n tr\u1edf n\u00ean d\u1ec5 d\u00e0ng v\u00e0 hi\u1ec7u qu\u1ea3 h\u01a1n bao gi\u1edd h\u1ebft.  C\u00d4NG TY S\u01a0N \u00d4 T\u00d4 H\u00d9NG PH\u00c1T   Hotline\/Zalo: 0964.310.488  \u0110\u1ecba ch\u1ec9: 89 ng\u00f5 75 Xu\u00e2n \u0110\u1ec9nh, Q. B\u1eafc T\u1eeb Li\u00eam, H\u00e0 N\u1ed9i  Website: sonotohungphat.com\" \/>\n<meta property=\"og:url\" content=\"https:\/\/sonotohungphat.com\/?product=ma-tit-genrock-g80y\" \/>\n<meta property=\"og:site_name\" content=\"S\u01a1n \u00f4 t\u00f4 H\u00f9ng Ph\u00e1t\" \/>\n<meta property=\"article:modified_time\" content=\"2025-11-07T12:42:26+00:00\" \/>\n<meta property=\"og:image\" content=\"https:\/\/sonotohungphat.com\/wp-content\/uploads\/2025\/11\/G80Y.png\" \/>\n\t<meta property=\"og:image:width\" content=\"1000\" \/>\n\t<meta property=\"og:image:height\" content=\"1000\" \/>\n\t<meta property=\"og:image:type\" content=\"image\/png\" \/>\n<meta name=\"twitter:card\" content=\"summary_large_image\" \/>\n<script type=\"application\/ld+json\" class=\"yoast-schema-graph\">{\"@context\":\"https:\/\/schema.org\",\"@graph\":[{\"@type\":\"WebPage\",\"@id\":\"https:\/\/sonotohungphat.com\/?product=ma-tit-genrock-g80y\",\"url\":\"https:\/\/sonotohungphat.com\/?product=ma-tit-genrock-g80y\",\"name\":\"Ma T\u00edt GENROCK G80Y - S\u01a1n \u00f4 t\u00f4 H\u00f9ng Ph\u00e1t\",\"isPartOf\":{\"@id\":\"https:\/\/sonotohungphat.com\/#website\"},\"datePublished\":\"2025-11-07T12:42:04+00:00\",\"dateModified\":\"2025-11-07T12:42:26+00:00\",\"breadcrumb\":{\"@id\":\"https:\/\/sonotohungphat.com\/?product=ma-tit-genrock-g80y#breadcrumb\"},\"inLanguage\":\"vi\",\"potentialAction\":[{\"@type\":\"ReadAction\",\"target\":[\"https:\/\/sonotohungphat.com\/?product=ma-tit-genrock-g80y\"]}]},{\"@type\":\"BreadcrumbList\",\"@id\":\"https:\/\/sonotohungphat.com\/?product=ma-tit-genrock-g80y#breadcrumb\",\"itemListElement\":[{\"@type\":\"ListItem\",\"position\":1,\"name\":\"Home\",\"item\":\"https:\/\/sonotohungphat.com\/\"},{\"@type\":\"ListItem\",\"position\":2,\"name\":\"C\u1eeda h\u00e0ng\",\"item\":\"https:\/\/sonotohungphat.com\/?page_id=139\"},{\"@type\":\"ListItem\",\"position\":3,\"name\":\"Ma T\u00edt GENROCK G80Y\"}]},{\"@type\":\"WebSite\",\"@id\":\"https:\/\/sonotohungphat.com\/#website\",\"url\":\"https:\/\/sonotohungphat.com\/\",\"name\":\"S\u01a1n \u00f4 t\u00f4 H\u00f9ng Ph\u00e1t\",\"description\":\"Nh\u1eadp kh\u1ea9u v\u00e0 ph\u00e2n ph\u1ed1i \u0111\u1ed9c quy\u1ec1n s\u01a1n GENROCK t\u1ea1i th\u1ecb tr\u01b0\u1eddng Vi\u1ec7t Nam\",\"potentialAction\":[{\"@type\":\"SearchAction\",\"target\":{\"@type\":\"EntryPoint\",\"urlTemplate\":\"https:\/\/sonotohungphat.com\/?s={search_term_string}\"},\"query-input\":\"required name=search_term_string\"}],\"inLanguage\":\"vi\"}]}<\/script>\n<!-- \/ Yoast SEO plugin. -->","yoast_head_json":{"title":"Ma T\u00edt GENROCK G80Y - S\u01a1n \u00f4 t\u00f4 H\u00f9ng Ph\u00e1t","robots":{"index":"index","follow":"follow","max-snippet":"max-snippet:-1","max-image-preview":"max-image-preview:large","max-video-preview":"max-video-preview:-1"},"canonical":"https:\/\/sonotohungphat.com\/?product=ma-tit-genrock-g80y","og_locale":"vi_VN","og_type":"article","og_title":"Ma T\u00edt GENROCK G80Y - S\u01a1n \u00f4 t\u00f4 H\u00f9ng Ph\u00e1t","og_description":"Ma T\u00edt G80Y: S\u1ef1 L\u1ef1a Ch\u1ecdn Tin C\u1eady C\u1ee7a Th\u1ee3 Chuy\u00ean Nghi\u1ec7p Trong c\u00f4ng \u0111o\u1ea1n t\u1ea1o phom v\u00e0 l\u00e0m ph\u1eb3ng b\u1ec1 m\u1eb7t th\u00e2n v\u1ecf, ng\u01b0\u1eddi th\u1ee3 c\u1ea7n m\u1ed9t lo\u1ea1i ma t\u00edt kh\u00f4ng ch\u1ec9 \"\u0103n\" v\u00e0o b\u1ec1 m\u1eb7t kim lo\u1ea1i m\u00e0 c\u00f2n ph\u1ea3i d\u1ec5 d\u00e0ng t\u1ea1o h\u00ecnh. Ma t\u00edt v\u00e0ng G80Y ch\u00ednh l\u00e0 c\u00e2u tr\u1ea3 l\u1eddi ho\u00e0n h\u1ea3o.  \u0110\u01b0\u1ee3c ch\u1ebf t\u1ea1o v\u1edbi c\u00f4ng th\u1ee9c ti\u00ean ti\u1ebfn, G80Y mang l\u1ea1i tr\u1ea3i nghi\u1ec7m thi c\u00f4ng tuy\u1ec7t v\u1eddi, gi\u00fap r\u00fat ng\u1eafn th\u1eddi gian l\u00e0m n\u1ec1n m\u00e0 v\u1eabn \u0111\u1ea3m b\u1ea3o ch\u1ea5t l\u01b0\u1ee3ng b\u1ec1 m\u1eb7t l\u00e1ng m\u1ecbn, s\u1eb5n s\u00e0ng cho c\u00e1c b\u01b0\u1edbc s\u01a1n l\u00f3t ti\u1ebfp theo. \u01afu \u0110i\u1ec3m N\u1ed5i B\u1eadt C\u1ee7a B\u1ea3 V\u00e0ng G80Y G80Y chinh ph\u1ee5c c\u00e1c Gara nh\u1edd nh\u1eefng \u0111\u1eb7c t\u00ednh k\u1ef9 thu\u1eadt v\u01b0\u1ee3t tr\u1ed9i:   \ud83d\udee0\ufe0f X\u1ea3 Nh\u00e1m Nh\u1eb9 Nh\u00e0ng (Excellent Sandability): G80Y kh\u00f4 nhanh v\u00e0 cho \u0111\u1ed9 ph\u1ea5n r\u1ea5t t\u1ed1t khi x\u1ea3 nh\u00e1m. Th\u1ee3 l\u00e0m n\u1ec1n c\u00f3 th\u1ec3 x\u1ea3 nh\u1eb9 tay, nhanh ch\u00f3ng \u0111\u1ea1t \u0111\u01b0\u1ee3c \u0111\u1ed9 ph\u1eb3ng mong mu\u1ed1n m\u00e0 kh\u00f4ng lo b\u1ecb b\u1ebft gi\u1ea5y nh\u00e1m.  \u2728 B\u1ec1 M\u1eb7t Si\u00eau M\u1ecbn &amp; \u0110anh C\u1ee9ng: H\u1ea1t ma t\u00edt m\u1ecbn gi\u00fap b\u1ec1 m\u1eb7t sau khi x\u1ea3 r\u1ea5t l\u00e1ng, h\u1ea1n ch\u1ebf t\u1ed1i \u0111a hi\u1ec7n t\u01b0\u1ee3ng l\u1ed7 kim (l\u1ed7 m\u1ecdt), gi\u1ea3m thi\u1ec3u c\u00f4ng \u0111o\u1ea1n b\u1ea3 l\u00e1ng (b\u1ea3 matit 1K) sau \u0111\u00f3.  \u2693 \u0110\u1ed9 B\u00e1m D\u00ednh \u0110a N\u0103ng: G80Y c\u00f3 kh\u1ea3 n\u0103ng b\u00e1m d\u00ednh ch\u1eb7t ch\u1ebd tr\u00ean nhi\u1ec1u lo\u1ea1i b\u1ec1 m\u1eb7t, t\u1eeb t\u00f4n tr\u1ea7n, th\u00e9p m\u1ea1 k\u1ebdm (c\u1ea7n x\u1eed l\u00fd \u0111\u00fang k\u1ef9 thu\u1eadt) \u0111\u1ebfn c\u00e1c l\u1edbp s\u01a1n c\u0169, \u0111\u1ea3m b\u1ea3o kh\u00f4ng b\u1ecb bong tr\u00f3c trong qu\u00e1 tr\u00ecnh s\u1eed d\u1ee5ng.  \ud83d\udee1\ufe0f Kh\u00f4ng Co Ng\u00f3t: \u0110\u1ed9 \u1ed5n \u0111\u1ecbnh cao, kh\u00f4ng b\u1ecb r\u00fat hay n\u1ee9t sau khi kh\u00f4 ho\u00e0n to\u00e0n, gi\u1eef nguy\u00ean phom xe chu\u1ea9n x\u00e1c.  \u1ee8ng D\u1ee5ng Th\u1ef1c T\u1ebf   S\u1eed d\u1ee5ng \u0111\u1ec3 \u0111i\u1ec1n \u0111\u1ea7y c\u00e1c v\u1ebft l\u00f5m s\u00e2u, v\u1ebft tr\u1ea7y x\u01b0\u1edbc l\u1edbn tr\u00ean th\u00e2n v\u1ecf \u00f4 t\u00f4.  Ph\u00f9 h\u1ee3p cho c\u1ea3 s\u1eeda ch\u1eefa d\u1eb7m v\u00e1 nh\u1ecf v\u00e0 \u0111\u1ea1i tu to\u00e0n b\u1ed9 xe.  Mua Ma T\u00edt G80Y Ch\u00ednh H\u00e3ng Gi\u00e1 T\u1ed1t T\u1ea1i H\u00f9ng Ph\u00e1t \u0110\u1ec3 \u0111\u1ea3m b\u1ea3o ch\u1ea5t l\u01b0\u1ee3ng c\u00f4ng tr\u00ecnh v\u00e0 ti\u1ebfn \u0111\u1ed9 c\u00f4ng vi\u1ec7c, vi\u1ec7c l\u1ef1a ch\u1ecdn ngu\u1ed3n cung c\u1ea5p v\u1eadt t\u01b0 \u1ed5n \u0111\u1ecbnh l\u00e0 r\u1ea5t quan tr\u1ecdng. S\u01a1n \u00d4 T\u00f4 H\u00f9ng Ph\u00e1t cam k\u1ebft cung c\u1ea5p Ma t\u00edt G80Y ch\u00ednh h\u00e3ng, lu\u00f4n m\u1edbi 100% v\u1edbi m\u1ee9c gi\u00e1 t\u1ed1t nh\u1ea5t cho anh em th\u1ee3.   \u2705 H\u00e0ng s\u1eb5n kho s\u1ed1 l\u01b0\u1ee3ng l\u1edbn, g\u1ecdi l\u00e0 c\u00f3.  \u2705 Gi\u00e1 s\u1ec9 c\u1ea1nh tranh nh\u1ea5t khu v\u1ef1c H\u00e0 N\u1ed9i.  \u2705 H\u1ed7 tr\u1ee3 giao h\u00e0ng nhanh ch\u00f3ng t\u1eadn Gara.     Li\u00ean H\u1ec7 \u0110\u1eb7t H\u00e0ng Ngay H\u00f4m Nay! Trang b\u1ecb ngay Ma t\u00edt G80Y \u0111\u1ec3 c\u00f4ng vi\u1ec7c l\u00e0m n\u1ec1n tr\u1edf n\u00ean d\u1ec5 d\u00e0ng v\u00e0 hi\u1ec7u qu\u1ea3 h\u01a1n bao gi\u1edd h\u1ebft.  C\u00d4NG TY S\u01a0N \u00d4 T\u00d4 H\u00d9NG PH\u00c1T   Hotline\/Zalo: 0964.310.488  \u0110\u1ecba ch\u1ec9: 89 ng\u00f5 75 Xu\u00e2n \u0110\u1ec9nh, Q. B\u1eafc T\u1eeb Li\u00eam, H\u00e0 N\u1ed9i  Website: sonotohungphat.com","og_url":"https:\/\/sonotohungphat.com\/?product=ma-tit-genrock-g80y","og_site_name":"S\u01a1n \u00f4 t\u00f4 H\u00f9ng Ph\u00e1t","article_modified_time":"2025-11-07T12:42:26+00:00","og_image":[{"width":1000,"height":1000,"url":"https:\/\/sonotohungphat.com\/wp-content\/uploads\/2025\/11\/G80Y.png","type":"image\/png"}],"twitter_card":"summary_large_image","schema":{"@context":"https:\/\/schema.org","@graph":[{"@type":"WebPage","@id":"https:\/\/sonotohungphat.com\/?product=ma-tit-genrock-g80y","url":"https:\/\/sonotohungphat.com\/?product=ma-tit-genrock-g80y","name":"Ma T\u00edt GENROCK G80Y - S\u01a1n \u00f4 t\u00f4 H\u00f9ng Ph\u00e1t","isPartOf":{"@id":"https:\/\/sonotohungphat.com\/#website"},"datePublished":"2025-11-07T12:42:04+00:00","dateModified":"2025-11-07T12:42:26+00:00","breadcrumb":{"@id":"https:\/\/sonotohungphat.com\/?product=ma-tit-genrock-g80y#breadcrumb"},"inLanguage":"vi","potentialAction":[{"@type":"ReadAction","target":["https:\/\/sonotohungphat.com\/?product=ma-tit-genrock-g80y"]}]},{"@type":"BreadcrumbList","@id":"https:\/\/sonotohungphat.com\/?product=ma-tit-genrock-g80y#breadcrumb","itemListElement":[{"@type":"ListItem","position":1,"name":"Home","item":"https:\/\/sonotohungphat.com\/"},{"@type":"ListItem","position":2,"name":"C\u1eeda h\u00e0ng","item":"https:\/\/sonotohungphat.com\/?page_id=139"},{"@type":"ListItem","position":3,"name":"Ma T\u00edt GENROCK G80Y"}]},{"@type":"WebSite","@id":"https:\/\/sonotohungphat.com\/#website","url":"https:\/\/sonotohungphat.com\/","name":"S\u01a1n \u00f4 t\u00f4 H\u00f9ng Ph\u00e1t","description":"Nh\u1eadp kh\u1ea9u v\u00e0 ph\u00e2n ph\u1ed1i \u0111\u1ed9c quy\u1ec1n s\u01a1n GENROCK t\u1ea1i th\u1ecb tr\u01b0\u1eddng Vi\u1ec7t Nam","potentialAction":[{"@type":"SearchAction","target":{"@type":"EntryPoint","urlTemplate":"https:\/\/sonotohungphat.com\/?s={search_term_string}"},"query-input":"required name=search_term_string"}],"inLanguage":"vi"}]}},"_links":{"self":[{"href":"https:\/\/sonotohungphat.com\/index.php?rest_route=\/wp\/v2\/product\/651","targetHints":{"allow":["GET"]}}],"collection":[{"href":"https:\/\/sonotohungphat.com\/index.php?rest_route=\/wp\/v2\/product"}],"about":[{"href":"https:\/\/sonotohungphat.com\/index.php?rest_route=\/wp\/v2\/types\/product"}],"replies":[{"embeddable":true,"href":"https:\/\/sonotohungphat.com\/index.php?rest_route=%2Fwp%2Fv2%2Fcomments&post=651"}],"wp:featuredmedia":[{"embeddable":true,"href":"https:\/\/sonotohungphat.com\/index.php?rest_route=\/wp\/v2\/media\/652"}],"wp:attachment":[{"href":"https:\/\/sonotohungphat.com\/index.php?rest_route=%2Fwp%2Fv2%2Fmedia&parent=651"}],"wp:term":[{"taxonomy":"product_cat","embeddable":true,"href":"https:\/\/sonotohungphat.com\/index.php?rest_route=%2Fwp%2Fv2%2Fproduct_cat&post=651"},{"taxonomy":"product_tag","embeddable":true,"href":"https:\/\/sonotohungphat.com\/index.php?rest_route=%2Fwp%2Fv2%2Fproduct_tag&post=651"}],"curies":[{"name":"wp","href":"https:\/\/api.w.org\/{rel}","templated":true}]}}