{"id":655,"date":"2025-11-07T12:51:06","date_gmt":"2025-11-07T12:51:06","guid":{"rendered":"https:\/\/sonotohungphat.com\/?post_type=product&#038;p=655"},"modified":"2025-11-07T12:51:07","modified_gmt":"2025-11-07T12:51:07","slug":"ma-tit-genrock-g78","status":"publish","type":"product","link":"https:\/\/sonotohungphat.com\/?product=ma-tit-genrock-g78","title":{"rendered":"Ma T\u00edt GENROCK G78"},"content":{"rendered":"","protected":false},"excerpt":{"rendered":"<p><img loading=\"lazy\" decoding=\"async\" class=\"size-medium wp-image-656 aligncenter\" src=\"https:\/\/sonotohungphat.com\/wp-content\/uploads\/2025\/11\/G78-300x300.png\" alt=\"\" width=\"300\" height=\"300\" srcset=\"https:\/\/sonotohungphat.com\/wp-content\/uploads\/2025\/11\/G78-300x300.png 300w, https:\/\/sonotohungphat.com\/wp-content\/uploads\/2025\/11\/G78-150x150.png 150w, https:\/\/sonotohungphat.com\/wp-content\/uploads\/2025\/11\/G78-768x768.png 768w, https:\/\/sonotohungphat.com\/wp-content\/uploads\/2025\/11\/G78-600x600.png 600w, https:\/\/sonotohungphat.com\/wp-content\/uploads\/2025\/11\/G78-100x100.png 100w, https:\/\/sonotohungphat.com\/wp-content\/uploads\/2025\/11\/G78.png 1000w\" sizes=\"auto, (max-width: 300px) 100vw, 300px\" \/><\/p>\n<h3>Ma T\u00edt G78: Gi\u1ea3i Ph\u00e1p L\u00e0m N\u1ec1n Ho\u00e0n H\u1ea3o Cho Th\u1ee3 K\u1ef9 T\u00ednh<\/h3>\n<p>Khi y\u00eau c\u1ea7u v\u1ec1 ch\u1ea5t l\u01b0\u1ee3ng b\u1ec1 m\u1eb7t ng\u00e0y c\u00e0ng kh\u1eaft khe, c\u00e1c Gara chuy\u00ean nghi\u1ec7p c\u1ea7n m\u1ed9t lo\u1ea1i ma t\u00edt kh\u00f4ng ch\u1ec9 \u0111\u1ec3 &#8220;l\u1ea5p \u0111\u1ea7y&#8221; m\u00e0 c\u00f2n ph\u1ea3i t\u1ea1o ra m\u1ed9t n\u1ec1n t\u1ea3ng ho\u00e0n m\u1ef9. <b>Ma t\u00edt v\u00e0ng cao c\u1ea5p G78<\/b> ch\u00ednh l\u00e0 s\u1ea3n ph\u1ea9m \u0111\u01b0\u1ee3c sinh ra \u0111\u1ec3 \u0111\u00e1p \u1ee9ng nh\u1eefng ti\u00eau chu\u1ea9n \u0111\u00f3.<\/p>\n<p>V\u1edbi c\u00f4ng th\u1ee9c \u0111\u1eb7c bi\u1ec7t ti\u00ean ti\u1ebfn, G78 mang l\u1ea1i kh\u1ea3 n\u0103ng t\u01b0\u01a1ng th\u00edch tuy\u1ec7t v\u1eddi tr\u00ean nhi\u1ec1u lo\u1ea1i v\u1eadt li\u1ec7u th\u00e2n xe hi\u1ec7n \u0111\u1ea1i, gi\u00fap ng\u01b0\u1eddi th\u1ee3 t\u1ef1 tin x\u1eed l\u00fd m\u1ecdi t\u00ecnh hu\u1ed1ng kh\u00f3 nh\u1ea5t.<\/p>\n<h3>Nh\u1eefng \u0110\u1eb7c T\u00ednh V\u01b0\u1ee3t Tr\u1ed9i C\u1ee7a B\u1ea3 V\u00e0ng G78<\/h3>\n<p>G78 \u0111\u01b0\u1ee3c xem l\u00e0 b\u1ea3n n\u00e2ng c\u1ea5p \u0111\u00e1ng gi\u00e1 v\u1edbi nh\u1eefng \u01b0u \u0111i\u1ec3m n\u1ed5i b\u1eadt:<\/p>\n<ul>\n<li><b>\u2728 \u0110\u1ed9 M\u1ecbn R\u1ea5t Cao (Super Fine):<\/b> H\u1ea1t ma t\u00edt c\u1ef1c m\u1ecbn gi\u00fap b\u1ec1 m\u1eb7t sau khi b\u1ea3 r\u1ea5t \u0111anh v\u00e0 l\u00e1ng, g\u1ea7n nh\u01b0 kh\u00f4ng c\u00f3 l\u1ed7 kim (l\u1ed7 m\u1ecdt). \u0110i\u1ec1u n\u00e0y gi\u00fap gi\u1ea3m thi\u1ec3u \u0111\u00e1ng k\u1ec3 c\u00f4ng \u0111o\u1ea1n b\u1ea3 l\u00e1ng 1K sau \u0111\u00f3, ti\u1ebft ki\u1ec7m th\u1eddi gian v\u00e0 v\u1eadt t\u01b0.<\/li>\n<li><b>\u2693 B\u00e1m D\u00ednh \u0110a N\u0103ng T\u1ed1i \u01afu:<\/b> G78 n\u1ed5i ti\u1ebfng v\u1edbi kh\u1ea3 n\u0103ng b\u00e1m d\u00ednh m\u1ea1nh m\u1ebd tr\u00ean nhi\u1ec1u ch\u1ea5t li\u1ec7u, bao g\u1ed3m c\u1ea3 nh\u1eefng b\u1ec1 m\u1eb7t &#8220;kh\u00f3 t\u00ednh&#8221; nh\u01b0 t\u00f4n m\u1ea1 k\u1ebdm, nh\u00f4m, th\u00e9p kh\u00f4ng g\u1ec9 (inox) v\u00e0 composite.<\/li>\n<li><b>\ud83d\udee0\ufe0f X\u1ea3 Nh\u00e1m Tuy\u1ec7t V\u1eddi:<\/b> D\u00f9 \u0111anh c\u1ee9ng sau khi kh\u00f4 \u0111\u1ec3 \u0111\u1ea3m b\u1ea3o \u0111\u1ed9 b\u1ec1n, G78 v\u1eabn gi\u1eef \u0111\u01b0\u1ee3c \u0111\u1eb7c t\u00ednh d\u1ec5 x\u1ea3 nh\u00e1m, cho b\u1ee5i ph\u1ea5n m\u1ecbn v\u00e0 kh\u00f4ng g\u00e2y b\u1ebft gi\u1ea5y nh\u00e1m.<\/li>\n<li><b>\ud83d\udee1\ufe0f Ch\u1ed1ng Co Ng\u00f3t &amp; R\u1ea1n N\u1ee9t:<\/b> \u0110\u1ed9 \u1ed5n \u0111\u1ecbnh k\u00edch th\u01b0\u1edbc r\u1ea5t cao, \u0111\u1ea3m b\u1ea3o kh\u00f4ng b\u1ecb co r\u00fat hay r\u1ea1n n\u1ee9t ch\u00e2n chim sau th\u1eddi gian d\u00e0i s\u1eed d\u1ee5ng d\u01b0\u1edbi c\u00e1c \u0111i\u1ec1u ki\u1ec7n th\u1eddi ti\u1ebft kh\u1eafc nghi\u1ec7t.<\/li>\n<\/ul>\n<h3>\u1ee8ng D\u1ee5ng Chuy\u00ean Nghi\u1ec7p<\/h3>\n<ul>\n<li>\u0110\u1eb7c bi\u1ec7t ph\u00f9 h\u1ee3p cho c\u00e1c d\u00f2ng xe \u0111\u1eddi m\u1edbi s\u1eed d\u1ee5ng nhi\u1ec1u v\u1eadt li\u1ec7u th\u00e2n v\u1ecf \u0111a d\u1ea1ng (th\u00e9p c\u01b0\u1eddng l\u1ef1c, nh\u00f4m&#8230;).<\/li>\n<li>S\u1eed d\u1ee5ng t\u1ed1t cho c\u1ea3 s\u1eeda ch\u1eefa \u0111i\u1ec3m nh\u1ecf (c\u1ea7n \u0111\u1ed9 m\u1ecbn cao) v\u00e0 \u0111\u1ea1i tu di\u1ec7n t\u00edch l\u1edbn.<\/li>\n<\/ul>\n<h3>Mua Ma T\u00edt G78 Ch\u00ednh H\u00e3ng \u1ede \u0110\u00e2u Uy T\u00edn?<\/h3>\n<p>\u0110\u1ec3 \u0111\u1ea3m b\u1ea3o ch\u1ea5t l\u01b0\u1ee3ng t\u1ed1t nh\u1ea5t cho c\u00e1c c\u00f4ng tr\u00ecnh xe sang ho\u1eb7c y\u00eau c\u1ea7u cao, h\u00e3y l\u1ef1a ch\u1ecdn <b>Ma t\u00edt G78<\/b> ch\u00ednh h\u00e3ng t\u1ea1i <b>S\u01a1n \u00d4 T\u00f4 H\u00f9ng Ph\u00e1t<\/b>. Ch\u00fang t\u00f4i cam k\u1ebft mang \u0111\u1ebfn s\u1ea3n ph\u1ea9m chu\u1ea9n ch\u1ea5t l\u01b0\u1ee3ng v\u1edbi d\u1ecbch v\u1ee5 h\u1eadu m\u00e3i t\u1eadn t\u00e2m.<\/p>\n<ul>\n<li>\u2705 H\u00e0ng ch\u00ednh h\u00e3ng 100%, ngu\u1ed3n g\u1ed1c r\u00f5 r\u00e0ng.<\/li>\n<li>\u2705 Lu\u00f4n c\u1eadp nh\u1eadt date m\u1edbi nh\u1ea5t.<\/li>\n<li>\u2705 Gi\u00e1 th\u00e0nh t\u1ed1t nh\u1ea5t cho anh em th\u1ee3 v\u00e0 \u0111\u1ea1i l\u00fd.<\/li>\n<\/ul>\n<hr \/>\n<h3>Li\u00ean H\u1ec7 Ngay \u0110\u1ec3 \u0110\u01b0\u1ee3c T\u01b0 V\u1ea5n &amp; B\u00e1o Gi\u00e1!<\/h3>\n<p>N\u00e2ng t\u1ea7m ch\u1ea5t l\u01b0\u1ee3ng d\u1ecbch v\u1ee5 Gara c\u1ee7a b\u1ea1n v\u1edbi Ma t\u00edt cao c\u1ea5p G78 t\u1eeb H\u00f9ng Ph\u00e1t.<\/p>\n<p><b>C\u00d4NG TY S\u01a0N \u00d4 T\u00d4 H\u00d9NG PH\u00c1T<\/b><\/p>\n<ul>\n<li><b>Hotline\/Zalo:<\/b> 0964.310.488<\/li>\n<li><b>\u0110\u1ecba ch\u1ec9:<\/b> 89 ng\u00f5 75 Xu\u00e2n \u0110\u1ec9nh, Q. B\u1eafc T\u1eeb Li\u00eam, H\u00e0 N\u1ed9i<\/li>\n<li><b>Website:<\/b> sonotohungphat.com<\/li>\n<\/ul>\n","protected":false},"featured_media":656,"comment_status":"open","ping_status":"closed","template":"","meta":[],"product_cat":[36],"product_tag":[],"class_list":{"0":"post-655","1":"product","2":"type-product","3":"status-publish","4":"has-post-thumbnail","6":"product_cat-genrock","8":"first","9":"instock","10":"shipping-taxable","11":"product-type-simple"},"yoast_head":"<!-- This site is optimized with the Yoast SEO plugin v20.8 - https:\/\/yoast.com\/wordpress\/plugins\/seo\/ -->\n<title>Ma T\u00edt GENROCK G78 - S\u01a1n \u00f4 t\u00f4 H\u00f9ng Ph\u00e1t<\/title>\n<meta name=\"robots\" content=\"index, follow, max-snippet:-1, max-image-preview:large, max-video-preview:-1\" \/>\n<link rel=\"canonical\" href=\"https:\/\/sonotohungphat.com\/?product=ma-tit-genrock-g78\" \/>\n<meta property=\"og:locale\" content=\"vi_VN\" \/>\n<meta property=\"og:type\" content=\"article\" \/>\n<meta property=\"og:title\" content=\"Ma T\u00edt GENROCK G78 - S\u01a1n \u00f4 t\u00f4 H\u00f9ng Ph\u00e1t\" \/>\n<meta property=\"og:description\" content=\"Ma T\u00edt G78: Gi\u1ea3i Ph\u00e1p L\u00e0m N\u1ec1n Ho\u00e0n H\u1ea3o Cho Th\u1ee3 K\u1ef9 T\u00ednh Khi y\u00eau c\u1ea7u v\u1ec1 ch\u1ea5t l\u01b0\u1ee3ng b\u1ec1 m\u1eb7t ng\u00e0y c\u00e0ng kh\u1eaft khe, c\u00e1c Gara chuy\u00ean nghi\u1ec7p c\u1ea7n m\u1ed9t lo\u1ea1i ma t\u00edt kh\u00f4ng ch\u1ec9 \u0111\u1ec3 &quot;l\u1ea5p \u0111\u1ea7y&quot; m\u00e0 c\u00f2n ph\u1ea3i t\u1ea1o ra m\u1ed9t n\u1ec1n t\u1ea3ng ho\u00e0n m\u1ef9. Ma t\u00edt v\u00e0ng cao c\u1ea5p G78 ch\u00ednh l\u00e0 s\u1ea3n ph\u1ea9m \u0111\u01b0\u1ee3c sinh ra \u0111\u1ec3 \u0111\u00e1p \u1ee9ng nh\u1eefng ti\u00eau chu\u1ea9n \u0111\u00f3.  V\u1edbi c\u00f4ng th\u1ee9c \u0111\u1eb7c bi\u1ec7t ti\u00ean ti\u1ebfn, G78 mang l\u1ea1i kh\u1ea3 n\u0103ng t\u01b0\u01a1ng th\u00edch tuy\u1ec7t v\u1eddi tr\u00ean nhi\u1ec1u lo\u1ea1i v\u1eadt li\u1ec7u th\u00e2n xe hi\u1ec7n \u0111\u1ea1i, gi\u00fap ng\u01b0\u1eddi th\u1ee3 t\u1ef1 tin x\u1eed l\u00fd m\u1ecdi t\u00ecnh hu\u1ed1ng kh\u00f3 nh\u1ea5t. Nh\u1eefng \u0110\u1eb7c T\u00ednh V\u01b0\u1ee3t Tr\u1ed9i C\u1ee7a B\u1ea3 V\u00e0ng G78 G78 \u0111\u01b0\u1ee3c xem l\u00e0 b\u1ea3n n\u00e2ng c\u1ea5p \u0111\u00e1ng gi\u00e1 v\u1edbi nh\u1eefng \u01b0u \u0111i\u1ec3m n\u1ed5i b\u1eadt:   \u2728 \u0110\u1ed9 M\u1ecbn R\u1ea5t Cao (Super Fine): H\u1ea1t ma t\u00edt c\u1ef1c m\u1ecbn gi\u00fap b\u1ec1 m\u1eb7t sau khi b\u1ea3 r\u1ea5t \u0111anh v\u00e0 l\u00e1ng, g\u1ea7n nh\u01b0 kh\u00f4ng c\u00f3 l\u1ed7 kim (l\u1ed7 m\u1ecdt). \u0110i\u1ec1u n\u00e0y gi\u00fap gi\u1ea3m thi\u1ec3u \u0111\u00e1ng k\u1ec3 c\u00f4ng \u0111o\u1ea1n b\u1ea3 l\u00e1ng 1K sau \u0111\u00f3, ti\u1ebft ki\u1ec7m th\u1eddi gian v\u00e0 v\u1eadt t\u01b0.  \u2693 B\u00e1m D\u00ednh \u0110a N\u0103ng T\u1ed1i \u01afu: G78 n\u1ed5i ti\u1ebfng v\u1edbi kh\u1ea3 n\u0103ng b\u00e1m d\u00ednh m\u1ea1nh m\u1ebd tr\u00ean nhi\u1ec1u ch\u1ea5t li\u1ec7u, bao g\u1ed3m c\u1ea3 nh\u1eefng b\u1ec1 m\u1eb7t &quot;kh\u00f3 t\u00ednh&quot; nh\u01b0 t\u00f4n m\u1ea1 k\u1ebdm, nh\u00f4m, th\u00e9p kh\u00f4ng g\u1ec9 (inox) v\u00e0 composite.  \ud83d\udee0\ufe0f X\u1ea3 Nh\u00e1m Tuy\u1ec7t V\u1eddi: D\u00f9 \u0111anh c\u1ee9ng sau khi kh\u00f4 \u0111\u1ec3 \u0111\u1ea3m b\u1ea3o \u0111\u1ed9 b\u1ec1n, G78 v\u1eabn gi\u1eef \u0111\u01b0\u1ee3c \u0111\u1eb7c t\u00ednh d\u1ec5 x\u1ea3 nh\u00e1m, cho b\u1ee5i ph\u1ea5n m\u1ecbn v\u00e0 kh\u00f4ng g\u00e2y b\u1ebft gi\u1ea5y nh\u00e1m.  \ud83d\udee1\ufe0f Ch\u1ed1ng Co Ng\u00f3t &amp; R\u1ea1n N\u1ee9t: \u0110\u1ed9 \u1ed5n \u0111\u1ecbnh k\u00edch th\u01b0\u1edbc r\u1ea5t cao, \u0111\u1ea3m b\u1ea3o kh\u00f4ng b\u1ecb co r\u00fat hay r\u1ea1n n\u1ee9t ch\u00e2n chim sau th\u1eddi gian d\u00e0i s\u1eed d\u1ee5ng d\u01b0\u1edbi c\u00e1c \u0111i\u1ec1u ki\u1ec7n th\u1eddi ti\u1ebft kh\u1eafc nghi\u1ec7t.  \u1ee8ng D\u1ee5ng Chuy\u00ean Nghi\u1ec7p   \u0110\u1eb7c bi\u1ec7t ph\u00f9 h\u1ee3p cho c\u00e1c d\u00f2ng xe \u0111\u1eddi m\u1edbi s\u1eed d\u1ee5ng nhi\u1ec1u v\u1eadt li\u1ec7u th\u00e2n v\u1ecf \u0111a d\u1ea1ng (th\u00e9p c\u01b0\u1eddng l\u1ef1c, nh\u00f4m...).  S\u1eed d\u1ee5ng t\u1ed1t cho c\u1ea3 s\u1eeda ch\u1eefa \u0111i\u1ec3m nh\u1ecf (c\u1ea7n \u0111\u1ed9 m\u1ecbn cao) v\u00e0 \u0111\u1ea1i tu di\u1ec7n t\u00edch l\u1edbn.  Mua Ma T\u00edt G78 Ch\u00ednh H\u00e3ng \u1ede \u0110\u00e2u Uy T\u00edn? \u0110\u1ec3 \u0111\u1ea3m b\u1ea3o ch\u1ea5t l\u01b0\u1ee3ng t\u1ed1t nh\u1ea5t cho c\u00e1c c\u00f4ng tr\u00ecnh xe sang ho\u1eb7c y\u00eau c\u1ea7u cao, h\u00e3y l\u1ef1a ch\u1ecdn Ma t\u00edt G78 ch\u00ednh h\u00e3ng t\u1ea1i S\u01a1n \u00d4 T\u00f4 H\u00f9ng Ph\u00e1t. Ch\u00fang t\u00f4i cam k\u1ebft mang \u0111\u1ebfn s\u1ea3n ph\u1ea9m chu\u1ea9n ch\u1ea5t l\u01b0\u1ee3ng v\u1edbi d\u1ecbch v\u1ee5 h\u1eadu m\u00e3i t\u1eadn t\u00e2m.   \u2705 H\u00e0ng ch\u00ednh h\u00e3ng 100%, ngu\u1ed3n g\u1ed1c r\u00f5 r\u00e0ng.  \u2705 Lu\u00f4n c\u1eadp nh\u1eadt date m\u1edbi nh\u1ea5t.  \u2705 Gi\u00e1 th\u00e0nh t\u1ed1t nh\u1ea5t cho anh em th\u1ee3 v\u00e0 \u0111\u1ea1i l\u00fd.     Li\u00ean H\u1ec7 Ngay \u0110\u1ec3 \u0110\u01b0\u1ee3c T\u01b0 V\u1ea5n &amp; B\u00e1o Gi\u00e1! N\u00e2ng t\u1ea7m ch\u1ea5t l\u01b0\u1ee3ng d\u1ecbch v\u1ee5 Gara c\u1ee7a b\u1ea1n v\u1edbi Ma t\u00edt cao c\u1ea5p G78 t\u1eeb H\u00f9ng Ph\u00e1t.  C\u00d4NG TY S\u01a0N \u00d4 T\u00d4 H\u00d9NG PH\u00c1T   Hotline\/Zalo: 0964.310.488  \u0110\u1ecba ch\u1ec9: 89 ng\u00f5 75 Xu\u00e2n \u0110\u1ec9nh, Q. B\u1eafc T\u1eeb Li\u00eam, H\u00e0 N\u1ed9i  Website: sonotohungphat.com\" \/>\n<meta property=\"og:url\" content=\"https:\/\/sonotohungphat.com\/?product=ma-tit-genrock-g78\" \/>\n<meta property=\"og:site_name\" content=\"S\u01a1n \u00f4 t\u00f4 H\u00f9ng Ph\u00e1t\" \/>\n<meta property=\"article:modified_time\" content=\"2025-11-07T12:51:07+00:00\" \/>\n<meta property=\"og:image\" content=\"https:\/\/sonotohungphat.com\/wp-content\/uploads\/2025\/11\/G78.png\" \/>\n\t<meta property=\"og:image:width\" content=\"1000\" \/>\n\t<meta property=\"og:image:height\" content=\"1000\" \/>\n\t<meta property=\"og:image:type\" content=\"image\/png\" \/>\n<meta name=\"twitter:card\" content=\"summary_large_image\" \/>\n<script type=\"application\/ld+json\" class=\"yoast-schema-graph\">{\"@context\":\"https:\/\/schema.org\",\"@graph\":[{\"@type\":\"WebPage\",\"@id\":\"https:\/\/sonotohungphat.com\/?product=ma-tit-genrock-g78\",\"url\":\"https:\/\/sonotohungphat.com\/?product=ma-tit-genrock-g78\",\"name\":\"Ma T\u00edt GENROCK G78 - S\u01a1n \u00f4 t\u00f4 H\u00f9ng Ph\u00e1t\",\"isPartOf\":{\"@id\":\"https:\/\/sonotohungphat.com\/#website\"},\"datePublished\":\"2025-11-07T12:51:06+00:00\",\"dateModified\":\"2025-11-07T12:51:07+00:00\",\"breadcrumb\":{\"@id\":\"https:\/\/sonotohungphat.com\/?product=ma-tit-genrock-g78#breadcrumb\"},\"inLanguage\":\"vi\",\"potentialAction\":[{\"@type\":\"ReadAction\",\"target\":[\"https:\/\/sonotohungphat.com\/?product=ma-tit-genrock-g78\"]}]},{\"@type\":\"BreadcrumbList\",\"@id\":\"https:\/\/sonotohungphat.com\/?product=ma-tit-genrock-g78#breadcrumb\",\"itemListElement\":[{\"@type\":\"ListItem\",\"position\":1,\"name\":\"Home\",\"item\":\"https:\/\/sonotohungphat.com\/\"},{\"@type\":\"ListItem\",\"position\":2,\"name\":\"C\u1eeda h\u00e0ng\",\"item\":\"https:\/\/sonotohungphat.com\/?page_id=139\"},{\"@type\":\"ListItem\",\"position\":3,\"name\":\"Ma T\u00edt GENROCK G78\"}]},{\"@type\":\"WebSite\",\"@id\":\"https:\/\/sonotohungphat.com\/#website\",\"url\":\"https:\/\/sonotohungphat.com\/\",\"name\":\"S\u01a1n \u00f4 t\u00f4 H\u00f9ng Ph\u00e1t\",\"description\":\"Nh\u1eadp kh\u1ea9u v\u00e0 ph\u00e2n ph\u1ed1i \u0111\u1ed9c quy\u1ec1n s\u01a1n GENROCK t\u1ea1i th\u1ecb tr\u01b0\u1eddng Vi\u1ec7t Nam\",\"potentialAction\":[{\"@type\":\"SearchAction\",\"target\":{\"@type\":\"EntryPoint\",\"urlTemplate\":\"https:\/\/sonotohungphat.com\/?s={search_term_string}\"},\"query-input\":\"required name=search_term_string\"}],\"inLanguage\":\"vi\"}]}<\/script>\n<!-- \/ Yoast SEO plugin. -->","yoast_head_json":{"title":"Ma T\u00edt GENROCK G78 - S\u01a1n \u00f4 t\u00f4 H\u00f9ng Ph\u00e1t","robots":{"index":"index","follow":"follow","max-snippet":"max-snippet:-1","max-image-preview":"max-image-preview:large","max-video-preview":"max-video-preview:-1"},"canonical":"https:\/\/sonotohungphat.com\/?product=ma-tit-genrock-g78","og_locale":"vi_VN","og_type":"article","og_title":"Ma T\u00edt GENROCK G78 - S\u01a1n \u00f4 t\u00f4 H\u00f9ng Ph\u00e1t","og_description":"Ma T\u00edt G78: Gi\u1ea3i Ph\u00e1p L\u00e0m N\u1ec1n Ho\u00e0n H\u1ea3o Cho Th\u1ee3 K\u1ef9 T\u00ednh Khi y\u00eau c\u1ea7u v\u1ec1 ch\u1ea5t l\u01b0\u1ee3ng b\u1ec1 m\u1eb7t ng\u00e0y c\u00e0ng kh\u1eaft khe, c\u00e1c Gara chuy\u00ean nghi\u1ec7p c\u1ea7n m\u1ed9t lo\u1ea1i ma t\u00edt kh\u00f4ng ch\u1ec9 \u0111\u1ec3 \"l\u1ea5p \u0111\u1ea7y\" m\u00e0 c\u00f2n ph\u1ea3i t\u1ea1o ra m\u1ed9t n\u1ec1n t\u1ea3ng ho\u00e0n m\u1ef9. Ma t\u00edt v\u00e0ng cao c\u1ea5p G78 ch\u00ednh l\u00e0 s\u1ea3n ph\u1ea9m \u0111\u01b0\u1ee3c sinh ra \u0111\u1ec3 \u0111\u00e1p \u1ee9ng nh\u1eefng ti\u00eau chu\u1ea9n \u0111\u00f3.  V\u1edbi c\u00f4ng th\u1ee9c \u0111\u1eb7c bi\u1ec7t ti\u00ean ti\u1ebfn, G78 mang l\u1ea1i kh\u1ea3 n\u0103ng t\u01b0\u01a1ng th\u00edch tuy\u1ec7t v\u1eddi tr\u00ean nhi\u1ec1u lo\u1ea1i v\u1eadt li\u1ec7u th\u00e2n xe hi\u1ec7n \u0111\u1ea1i, gi\u00fap ng\u01b0\u1eddi th\u1ee3 t\u1ef1 tin x\u1eed l\u00fd m\u1ecdi t\u00ecnh hu\u1ed1ng kh\u00f3 nh\u1ea5t. Nh\u1eefng \u0110\u1eb7c T\u00ednh V\u01b0\u1ee3t Tr\u1ed9i C\u1ee7a B\u1ea3 V\u00e0ng G78 G78 \u0111\u01b0\u1ee3c xem l\u00e0 b\u1ea3n n\u00e2ng c\u1ea5p \u0111\u00e1ng gi\u00e1 v\u1edbi nh\u1eefng \u01b0u \u0111i\u1ec3m n\u1ed5i b\u1eadt:   \u2728 \u0110\u1ed9 M\u1ecbn R\u1ea5t Cao (Super Fine): H\u1ea1t ma t\u00edt c\u1ef1c m\u1ecbn gi\u00fap b\u1ec1 m\u1eb7t sau khi b\u1ea3 r\u1ea5t \u0111anh v\u00e0 l\u00e1ng, g\u1ea7n nh\u01b0 kh\u00f4ng c\u00f3 l\u1ed7 kim (l\u1ed7 m\u1ecdt). \u0110i\u1ec1u n\u00e0y gi\u00fap gi\u1ea3m thi\u1ec3u \u0111\u00e1ng k\u1ec3 c\u00f4ng \u0111o\u1ea1n b\u1ea3 l\u00e1ng 1K sau \u0111\u00f3, ti\u1ebft ki\u1ec7m th\u1eddi gian v\u00e0 v\u1eadt t\u01b0.  \u2693 B\u00e1m D\u00ednh \u0110a N\u0103ng T\u1ed1i \u01afu: G78 n\u1ed5i ti\u1ebfng v\u1edbi kh\u1ea3 n\u0103ng b\u00e1m d\u00ednh m\u1ea1nh m\u1ebd tr\u00ean nhi\u1ec1u ch\u1ea5t li\u1ec7u, bao g\u1ed3m c\u1ea3 nh\u1eefng b\u1ec1 m\u1eb7t \"kh\u00f3 t\u00ednh\" nh\u01b0 t\u00f4n m\u1ea1 k\u1ebdm, nh\u00f4m, th\u00e9p kh\u00f4ng g\u1ec9 (inox) v\u00e0 composite.  \ud83d\udee0\ufe0f X\u1ea3 Nh\u00e1m Tuy\u1ec7t V\u1eddi: D\u00f9 \u0111anh c\u1ee9ng sau khi kh\u00f4 \u0111\u1ec3 \u0111\u1ea3m b\u1ea3o \u0111\u1ed9 b\u1ec1n, G78 v\u1eabn gi\u1eef \u0111\u01b0\u1ee3c \u0111\u1eb7c t\u00ednh d\u1ec5 x\u1ea3 nh\u00e1m, cho b\u1ee5i ph\u1ea5n m\u1ecbn v\u00e0 kh\u00f4ng g\u00e2y b\u1ebft gi\u1ea5y nh\u00e1m.  \ud83d\udee1\ufe0f Ch\u1ed1ng Co Ng\u00f3t &amp; R\u1ea1n N\u1ee9t: \u0110\u1ed9 \u1ed5n \u0111\u1ecbnh k\u00edch th\u01b0\u1edbc r\u1ea5t cao, \u0111\u1ea3m b\u1ea3o kh\u00f4ng b\u1ecb co r\u00fat hay r\u1ea1n n\u1ee9t ch\u00e2n chim sau th\u1eddi gian d\u00e0i s\u1eed d\u1ee5ng d\u01b0\u1edbi c\u00e1c \u0111i\u1ec1u ki\u1ec7n th\u1eddi ti\u1ebft kh\u1eafc nghi\u1ec7t.  \u1ee8ng D\u1ee5ng Chuy\u00ean Nghi\u1ec7p   \u0110\u1eb7c bi\u1ec7t ph\u00f9 h\u1ee3p cho c\u00e1c d\u00f2ng xe \u0111\u1eddi m\u1edbi s\u1eed d\u1ee5ng nhi\u1ec1u v\u1eadt li\u1ec7u th\u00e2n v\u1ecf \u0111a d\u1ea1ng (th\u00e9p c\u01b0\u1eddng l\u1ef1c, nh\u00f4m...).  S\u1eed d\u1ee5ng t\u1ed1t cho c\u1ea3 s\u1eeda ch\u1eefa \u0111i\u1ec3m nh\u1ecf (c\u1ea7n \u0111\u1ed9 m\u1ecbn cao) v\u00e0 \u0111\u1ea1i tu di\u1ec7n t\u00edch l\u1edbn.  Mua Ma T\u00edt G78 Ch\u00ednh H\u00e3ng \u1ede \u0110\u00e2u Uy T\u00edn? \u0110\u1ec3 \u0111\u1ea3m b\u1ea3o ch\u1ea5t l\u01b0\u1ee3ng t\u1ed1t nh\u1ea5t cho c\u00e1c c\u00f4ng tr\u00ecnh xe sang ho\u1eb7c y\u00eau c\u1ea7u cao, h\u00e3y l\u1ef1a ch\u1ecdn Ma t\u00edt G78 ch\u00ednh h\u00e3ng t\u1ea1i S\u01a1n \u00d4 T\u00f4 H\u00f9ng Ph\u00e1t. Ch\u00fang t\u00f4i cam k\u1ebft mang \u0111\u1ebfn s\u1ea3n ph\u1ea9m chu\u1ea9n ch\u1ea5t l\u01b0\u1ee3ng v\u1edbi d\u1ecbch v\u1ee5 h\u1eadu m\u00e3i t\u1eadn t\u00e2m.   \u2705 H\u00e0ng ch\u00ednh h\u00e3ng 100%, ngu\u1ed3n g\u1ed1c r\u00f5 r\u00e0ng.  \u2705 Lu\u00f4n c\u1eadp nh\u1eadt date m\u1edbi nh\u1ea5t.  \u2705 Gi\u00e1 th\u00e0nh t\u1ed1t nh\u1ea5t cho anh em th\u1ee3 v\u00e0 \u0111\u1ea1i l\u00fd.     Li\u00ean H\u1ec7 Ngay \u0110\u1ec3 \u0110\u01b0\u1ee3c T\u01b0 V\u1ea5n &amp; B\u00e1o Gi\u00e1! N\u00e2ng t\u1ea7m ch\u1ea5t l\u01b0\u1ee3ng d\u1ecbch v\u1ee5 Gara c\u1ee7a b\u1ea1n v\u1edbi Ma t\u00edt cao c\u1ea5p G78 t\u1eeb H\u00f9ng Ph\u00e1t.  C\u00d4NG TY S\u01a0N \u00d4 T\u00d4 H\u00d9NG PH\u00c1T   Hotline\/Zalo: 0964.310.488  \u0110\u1ecba ch\u1ec9: 89 ng\u00f5 75 Xu\u00e2n \u0110\u1ec9nh, Q. B\u1eafc T\u1eeb Li\u00eam, H\u00e0 N\u1ed9i  Website: sonotohungphat.com","og_url":"https:\/\/sonotohungphat.com\/?product=ma-tit-genrock-g78","og_site_name":"S\u01a1n \u00f4 t\u00f4 H\u00f9ng Ph\u00e1t","article_modified_time":"2025-11-07T12:51:07+00:00","og_image":[{"width":1000,"height":1000,"url":"https:\/\/sonotohungphat.com\/wp-content\/uploads\/2025\/11\/G78.png","type":"image\/png"}],"twitter_card":"summary_large_image","schema":{"@context":"https:\/\/schema.org","@graph":[{"@type":"WebPage","@id":"https:\/\/sonotohungphat.com\/?product=ma-tit-genrock-g78","url":"https:\/\/sonotohungphat.com\/?product=ma-tit-genrock-g78","name":"Ma T\u00edt GENROCK G78 - S\u01a1n \u00f4 t\u00f4 H\u00f9ng Ph\u00e1t","isPartOf":{"@id":"https:\/\/sonotohungphat.com\/#website"},"datePublished":"2025-11-07T12:51:06+00:00","dateModified":"2025-11-07T12:51:07+00:00","breadcrumb":{"@id":"https:\/\/sonotohungphat.com\/?product=ma-tit-genrock-g78#breadcrumb"},"inLanguage":"vi","potentialAction":[{"@type":"ReadAction","target":["https:\/\/sonotohungphat.com\/?product=ma-tit-genrock-g78"]}]},{"@type":"BreadcrumbList","@id":"https:\/\/sonotohungphat.com\/?product=ma-tit-genrock-g78#breadcrumb","itemListElement":[{"@type":"ListItem","position":1,"name":"Home","item":"https:\/\/sonotohungphat.com\/"},{"@type":"ListItem","position":2,"name":"C\u1eeda h\u00e0ng","item":"https:\/\/sonotohungphat.com\/?page_id=139"},{"@type":"ListItem","position":3,"name":"Ma T\u00edt GENROCK G78"}]},{"@type":"WebSite","@id":"https:\/\/sonotohungphat.com\/#website","url":"https:\/\/sonotohungphat.com\/","name":"S\u01a1n \u00f4 t\u00f4 H\u00f9ng Ph\u00e1t","description":"Nh\u1eadp kh\u1ea9u v\u00e0 ph\u00e2n ph\u1ed1i \u0111\u1ed9c quy\u1ec1n s\u01a1n GENROCK t\u1ea1i th\u1ecb tr\u01b0\u1eddng Vi\u1ec7t Nam","potentialAction":[{"@type":"SearchAction","target":{"@type":"EntryPoint","urlTemplate":"https:\/\/sonotohungphat.com\/?s={search_term_string}"},"query-input":"required name=search_term_string"}],"inLanguage":"vi"}]}},"_links":{"self":[{"href":"https:\/\/sonotohungphat.com\/index.php?rest_route=\/wp\/v2\/product\/655","targetHints":{"allow":["GET"]}}],"collection":[{"href":"https:\/\/sonotohungphat.com\/index.php?rest_route=\/wp\/v2\/product"}],"about":[{"href":"https:\/\/sonotohungphat.com\/index.php?rest_route=\/wp\/v2\/types\/product"}],"replies":[{"embeddable":true,"href":"https:\/\/sonotohungphat.com\/index.php?rest_route=%2Fwp%2Fv2%2Fcomments&post=655"}],"wp:featuredmedia":[{"embeddable":true,"href":"https:\/\/sonotohungphat.com\/index.php?rest_route=\/wp\/v2\/media\/656"}],"wp:attachment":[{"href":"https:\/\/sonotohungphat.com\/index.php?rest_route=%2Fwp%2Fv2%2Fmedia&parent=655"}],"wp:term":[{"taxonomy":"product_cat","embeddable":true,"href":"https:\/\/sonotohungphat.com\/index.php?rest_route=%2Fwp%2Fv2%2Fproduct_cat&post=655"},{"taxonomy":"product_tag","embeddable":true,"href":"https:\/\/sonotohungphat.com\/index.php?rest_route=%2Fwp%2Fv2%2Fproduct_tag&post=655"}],"curies":[{"name":"wp","href":"https:\/\/api.w.org\/{rel}","templated":true}]}}