{"id":657,"date":"2025-11-07T12:59:26","date_gmt":"2025-11-07T12:59:26","guid":{"rendered":"https:\/\/sonotohungphat.com\/?post_type=product&#038;p=657"},"modified":"2025-11-07T12:59:26","modified_gmt":"2025-11-07T12:59:26","slug":"son-lot-chong-gi-genrock-9700r-l","status":"publish","type":"product","link":"https:\/\/sonotohungphat.com\/?product=son-lot-chong-gi-genrock-9700r-l","title":{"rendered":"S\u01a1n l\u00f3t ch\u1ed1ng g\u1ec9 GENROCK 9700R.L"},"content":{"rendered":"","protected":false},"excerpt":{"rendered":"<p><img loading=\"lazy\" decoding=\"async\" class=\"size-medium wp-image-659 aligncenter\" src=\"https:\/\/sonotohungphat.com\/wp-content\/uploads\/2025\/11\/9700R.L-9732.L-1-300x300.png\" alt=\"\" width=\"300\" height=\"300\" srcset=\"https:\/\/sonotohungphat.com\/wp-content\/uploads\/2025\/11\/9700R.L-9732.L-1-300x300.png 300w, https:\/\/sonotohungphat.com\/wp-content\/uploads\/2025\/11\/9700R.L-9732.L-1-150x150.png 150w, https:\/\/sonotohungphat.com\/wp-content\/uploads\/2025\/11\/9700R.L-9732.L-1-768x768.png 768w, https:\/\/sonotohungphat.com\/wp-content\/uploads\/2025\/11\/9700R.L-9732.L-1-600x600.png 600w, https:\/\/sonotohungphat.com\/wp-content\/uploads\/2025\/11\/9700R.L-9732.L-1-100x100.png 100w, https:\/\/sonotohungphat.com\/wp-content\/uploads\/2025\/11\/9700R.L-9732.L-1.png 1000w\" sizes=\"auto, (max-width: 300px) 100vw, 300px\" \/><\/p>\n<h3>S\u01a1n L\u00f3t 9700R.L: N\u1ec1n M\u00f3ng V\u1eefng Ch\u1eafc Cho M\u1ecdi C\u00f4ng Tr\u00ecnh S\u01a1n<\/h3>\n<p>Tr\u01b0\u1edbc khi ngh\u0129 \u0111\u1ebfn m\u1ed9t l\u1edbp s\u01a1n b\u00f3ng \u0111\u1eb9p, \u0111i\u1ec1u quan tr\u1ecdng nh\u1ea5t l\u00e0 ph\u1ea3i \u0111\u1ea3m b\u1ea3o th\u00e2n v\u1ecf chi\u1ebfc xe kh\u00f4ng b\u1ecb &#8220;t\u00e0n ph\u00e1&#8221; b\u1edfi r\u1ec9 s\u00e9t t\u1eeb b\u00ean trong. <b>S\u01a1n l\u00f3t ch\u1ed1ng g\u1ec9 9700R.L<\/b> ch\u00ednh l\u00e0 gi\u1ea3i ph\u00e1p chuy\u00ean nghi\u1ec7p \u0111\u01b0\u1ee3c thi\u1ebft k\u1ebf \u0111\u1ec3 l\u00e0m l\u1edbp b\u1ea3o v\u1ec7 \u0111\u1ea7u ti\u00ean, ti\u1ebfp x\u00fac tr\u1ef1c ti\u1ebfp v\u1edbi b\u1ec1 m\u1eb7t kim lo\u1ea1i.<\/p>\n<p>\u0110\u1ed1i v\u1edbi c\u00e1c Gara chuy\u00ean ph\u1ee5c h\u1ed3i xe c\u0169, xe tai n\u1ea1n ho\u1eb7c thay th\u1ebf t\u1ea5m v\u1ecf m\u1edbi, 9700R.L l\u00e0 v\u1eadt t\u01b0 kh\u00f4ng th\u1ec3 thi\u1ebfu \u0111\u1ec3 \u0111\u1ea3m b\u1ea3o \u0111\u1ed9 b\u1ec1n l\u00e2u d\u00e0i cho s\u1ea3n ph\u1ea9m sau khi ho\u00e0n thi\u1ec7n.<\/p>\n<h3>T\u1ea1i Sao C\u1ea7n S\u1eed D\u1ee5ng S\u01a1n L\u00f3t Ch\u1ed1ng G\u1ec9 9700R.L?<\/h3>\n<p>9700R.L mang l\u1ea1i nh\u1eefng l\u1ee3i \u00edch c\u1ed1t l\u00f5i m\u00e0 c\u00e1c lo\u1ea1i s\u01a1n l\u00f3t th\u00f4ng th\u01b0\u1eddng kh\u00f4ng th\u1ec3 thay th\u1ebf:<\/p>\n<ul>\n<li><b>\ud83d\udee1\ufe0f Ch\u1ed1ng \u0102n M\u00f2n Tuy\u1ec7t \u0110\u1ed1i (Anti-Corrosion):<\/b> Ch\u1ee9a c\u00e1c th\u00e0nh ph\u1ea7n \u1ee9c ch\u1ebf r\u1ec9 s\u00e9t \u0111\u1eb7c bi\u1ec7t, 9700R.L ng\u0103n ch\u1eb7n hi\u1ec7u qu\u1ea3 qu\u00e1 tr\u00ecnh oxy h\u00f3a, b\u1ea3o v\u1ec7 b\u1ec1 m\u1eb7t kim lo\u1ea1i kh\u1ecfi s\u1ef1 t\u1ea5n c\u00f4ng c\u1ee7a \u0111\u1ed9 \u1ea9m v\u00e0 mu\u1ed1i m\u1eb7n.<\/li>\n<li><b>\u2693 \u0110\u1ed9 B\u00e1m D\u00ednh C\u1ef1c Cao:<\/b> \u0110\u01b0\u1ee3c thi\u1ebft k\u1ebf \u0111\u1ec3 &#8220;\u0103n&#8221; s\u00e2u v\u00e0o c\u00e1c b\u1ec1 m\u1eb7t kh\u00f3 b\u00e1m nh\u01b0: th\u00e9p tr\u1ea7n, nh\u00f4m, t\u00f4n m\u1ea1 k\u1ebdm, inox&#8230; t\u1ea1o ra m\u1ed9t l\u1edbp ch\u00e2n b\u00e1m v\u1eefng ch\u1eafc cho c\u00e1c l\u1edbp ma t\u00edt ho\u1eb7c s\u01a1n l\u00f3t n\u1ec1n ti\u1ebfp theo.<\/li>\n<li><b>\ud83d\udca7 Kh\u00e1ng H\u00f3a Ch\u1ea5t &amp; N\u01b0\u1edbc:<\/b> T\u1ea1o l\u1edbp m\u00e0ng tr\u01a1, b\u1ec1n b\u1ec9, ng\u0103n c\u1ea3n s\u1ef1 th\u1ea9m th\u1ea5u c\u1ee7a n\u01b0\u1edbc v\u00e0 c\u00e1c t\u00e1c nh\u00e2n g\u00e2y h\u1ea1i t\u1eeb m\u00f4i tr\u01b0\u1eddng.<\/li>\n<li><b>\ud83d\udee0\ufe0f \u0110a D\u1ee5ng:<\/b> C\u00f3 th\u1ec3 s\u1eed d\u1ee5ng l\u00e0m l\u1edbp l\u00f3t ch\u1ed1ng g\u1ec9 tr\u01b0\u1edbc khi b\u1ea3 matit, ho\u1eb7c l\u00e0m l\u1edbp l\u00f3t c\u00e1ch ly tr\u00ean n\u1ec1n s\u01a1n c\u0169 (t\u00f9y theo quy tr\u00ecnh k\u1ef9 thu\u1eadt c\u1ee5 th\u1ec3).<\/li>\n<\/ul>\n<h3>\u1ee8ng D\u1ee5ng Th\u1ef1c T\u1ebf<\/h3>\n<ul>\n<li><b>\u0110\u1ea1i tu to\u00e0n b\u1ed9 xe:<\/b> L\u00f3t b\u1ea3o v\u1ec7 sau khi \u0111\u00e3 t\u1ea9y s\u01a1n c\u0169 v\u1ec1 kim lo\u1ea1i tr\u1ea7n.<\/li>\n<li><b>Thay th\u1ebf ph\u1ee5 t\u00f9ng:<\/b> L\u00f3t l\u00ean c\u00e1c t\u1ea5m v\u1ecf m\u1edbi (c\u1eeda, tai xe, n\u1eafp capo&#8230;) tr\u01b0\u1edbc khi s\u01a1n.<\/li>\n<li><b>S\u01a1n tr\u00ean c\u00e1c v\u1eadt li\u1ec7u \u0111\u1eb7c bi\u1ec7t:<\/b> Nh\u00f4m, k\u1ebdm, th\u00e9p kh\u00f4ng g\u1ec9.<\/li>\n<\/ul>\n<h3>Mua S\u01a1n L\u00f3t Ch\u1ed1ng G\u1ec9 9700R.L Ch\u1ea5t L\u01b0\u1ee3ng T\u1ea1i H\u00e0 N\u1ed9i<\/h3>\n<p>B\u1ea3o v\u1ec7 uy t\u00edn c\u1ee7a Gara b\u1eaft \u0111\u1ea7u t\u1eeb vi\u1ec7c b\u1ea3o v\u1ec7 c\u1ed1t l\u00f5i c\u1ee7a chi\u1ebfc xe. H\u00e3y ch\u1ecdn <b>S\u01a1n l\u00f3t ch\u1ed1ng g\u1ec9 9700R.L<\/b> ch\u00ednh h\u00e3ng t\u1ea1i <b>S\u01a1n \u00d4 T\u00f4 H\u00f9ng Ph\u00e1t<\/b> \u0111\u1ec3 y\u00ean t\u00e2m tuy\u1ec7t \u0111\u1ed1i v\u1ec1 ch\u1ea5t l\u01b0\u1ee3ng c\u00f4ng tr\u00ecnh.<\/p>\n<ul>\n<li>\u2705 H\u00e0ng ch\u00ednh h\u00e3ng, ti\u00eau chu\u1ea9n nh\u00e0 m\u00e1y.<\/li>\n<li>\u2705 T\u01b0 v\u1ea5n quy tr\u00ecnh s\u01a1n ch\u1ed1ng r\u1ec9 chu\u1ea9n x\u00e1c nh\u1ea5t.<\/li>\n<li>\u2705 Gi\u00e1 th\u00e0nh c\u1ea1nh tranh, chi\u1ebft kh\u1ea5u t\u1ed1t cho Gara.<\/li>\n<\/ul>\n<hr \/>\n<h3>Li\u00ean H\u1ec7 Ngay \u0110\u1ec3 \u0110\u01b0\u1ee3c T\u01b0 V\u1ea5n!<\/h3>\n<p>\u0110\u1eebng \u0111\u1ec3 r\u1ec9 s\u00e9t ph\u00e1 h\u1ecfng c\u00f4ng s\u1ee9c c\u1ee7a b\u1ea1n. H\u00e3y b\u1eaft \u0111\u1ea7u v\u1edbi n\u1ec1n m\u00f3ng v\u1eefng ch\u1eafc nh\u1ea5t t\u1eeb H\u00f9ng Ph\u00e1t.<\/p>\n<p><b>C\u00d4NG TY S\u01a0N \u00d4 T\u00d4 H\u00d9NG PH\u00c1T<\/b><\/p>\n<ul>\n<li><b>Hotline\/Zalo:<\/b> 0964.310.488<\/li>\n<li><b>\u0110\u1ecba ch\u1ec9:<\/b> 89 ng\u00f5 75 Xu\u00e2n \u0110\u1ec9nh, Q. B\u1eafc T\u1eeb Li\u00eam, H\u00e0 N\u1ed9i<\/li>\n<li><b>Website:<\/b> sonotohungphat.com<\/li>\n<\/ul>\n","protected":false},"featured_media":658,"comment_status":"open","ping_status":"closed","template":"","meta":[],"product_cat":[36],"product_tag":[],"class_list":{"0":"post-657","1":"product","2":"type-product","3":"status-publish","4":"has-post-thumbnail","6":"product_cat-genrock","8":"first","9":"instock","10":"shipping-taxable","11":"product-type-simple"},"yoast_head":"<!-- This site is optimized with the Yoast SEO plugin v20.8 - https:\/\/yoast.com\/wordpress\/plugins\/seo\/ -->\n<title>S\u01a1n l\u00f3t ch\u1ed1ng g\u1ec9 GENROCK 9700R.L - S\u01a1n \u00f4 t\u00f4 H\u00f9ng Ph\u00e1t<\/title>\n<meta name=\"robots\" content=\"index, follow, max-snippet:-1, max-image-preview:large, max-video-preview:-1\" \/>\n<link rel=\"canonical\" href=\"https:\/\/sonotohungphat.com\/?product=son-lot-chong-gi-genrock-9700r-l\" \/>\n<meta property=\"og:locale\" content=\"vi_VN\" \/>\n<meta property=\"og:type\" content=\"article\" \/>\n<meta property=\"og:title\" content=\"S\u01a1n l\u00f3t ch\u1ed1ng g\u1ec9 GENROCK 9700R.L - S\u01a1n \u00f4 t\u00f4 H\u00f9ng Ph\u00e1t\" \/>\n<meta property=\"og:description\" content=\"S\u01a1n L\u00f3t 9700R.L: N\u1ec1n M\u00f3ng V\u1eefng Ch\u1eafc Cho M\u1ecdi C\u00f4ng Tr\u00ecnh S\u01a1n Tr\u01b0\u1edbc khi ngh\u0129 \u0111\u1ebfn m\u1ed9t l\u1edbp s\u01a1n b\u00f3ng \u0111\u1eb9p, \u0111i\u1ec1u quan tr\u1ecdng nh\u1ea5t l\u00e0 ph\u1ea3i \u0111\u1ea3m b\u1ea3o th\u00e2n v\u1ecf chi\u1ebfc xe kh\u00f4ng b\u1ecb &quot;t\u00e0n ph\u00e1&quot; b\u1edfi r\u1ec9 s\u00e9t t\u1eeb b\u00ean trong. S\u01a1n l\u00f3t ch\u1ed1ng g\u1ec9 9700R.L ch\u00ednh l\u00e0 gi\u1ea3i ph\u00e1p chuy\u00ean nghi\u1ec7p \u0111\u01b0\u1ee3c thi\u1ebft k\u1ebf \u0111\u1ec3 l\u00e0m l\u1edbp b\u1ea3o v\u1ec7 \u0111\u1ea7u ti\u00ean, ti\u1ebfp x\u00fac tr\u1ef1c ti\u1ebfp v\u1edbi b\u1ec1 m\u1eb7t kim lo\u1ea1i.  \u0110\u1ed1i v\u1edbi c\u00e1c Gara chuy\u00ean ph\u1ee5c h\u1ed3i xe c\u0169, xe tai n\u1ea1n ho\u1eb7c thay th\u1ebf t\u1ea5m v\u1ecf m\u1edbi, 9700R.L l\u00e0 v\u1eadt t\u01b0 kh\u00f4ng th\u1ec3 thi\u1ebfu \u0111\u1ec3 \u0111\u1ea3m b\u1ea3o \u0111\u1ed9 b\u1ec1n l\u00e2u d\u00e0i cho s\u1ea3n ph\u1ea9m sau khi ho\u00e0n thi\u1ec7n. T\u1ea1i Sao C\u1ea7n S\u1eed D\u1ee5ng S\u01a1n L\u00f3t Ch\u1ed1ng G\u1ec9 9700R.L? 9700R.L mang l\u1ea1i nh\u1eefng l\u1ee3i \u00edch c\u1ed1t l\u00f5i m\u00e0 c\u00e1c lo\u1ea1i s\u01a1n l\u00f3t th\u00f4ng th\u01b0\u1eddng kh\u00f4ng th\u1ec3 thay th\u1ebf:   \ud83d\udee1\ufe0f Ch\u1ed1ng \u0102n M\u00f2n Tuy\u1ec7t \u0110\u1ed1i (Anti-Corrosion): Ch\u1ee9a c\u00e1c th\u00e0nh ph\u1ea7n \u1ee9c ch\u1ebf r\u1ec9 s\u00e9t \u0111\u1eb7c bi\u1ec7t, 9700R.L ng\u0103n ch\u1eb7n hi\u1ec7u qu\u1ea3 qu\u00e1 tr\u00ecnh oxy h\u00f3a, b\u1ea3o v\u1ec7 b\u1ec1 m\u1eb7t kim lo\u1ea1i kh\u1ecfi s\u1ef1 t\u1ea5n c\u00f4ng c\u1ee7a \u0111\u1ed9 \u1ea9m v\u00e0 mu\u1ed1i m\u1eb7n.  \u2693 \u0110\u1ed9 B\u00e1m D\u00ednh C\u1ef1c Cao: \u0110\u01b0\u1ee3c thi\u1ebft k\u1ebf \u0111\u1ec3 &quot;\u0103n&quot; s\u00e2u v\u00e0o c\u00e1c b\u1ec1 m\u1eb7t kh\u00f3 b\u00e1m nh\u01b0: th\u00e9p tr\u1ea7n, nh\u00f4m, t\u00f4n m\u1ea1 k\u1ebdm, inox... t\u1ea1o ra m\u1ed9t l\u1edbp ch\u00e2n b\u00e1m v\u1eefng ch\u1eafc cho c\u00e1c l\u1edbp ma t\u00edt ho\u1eb7c s\u01a1n l\u00f3t n\u1ec1n ti\u1ebfp theo.  \ud83d\udca7 Kh\u00e1ng H\u00f3a Ch\u1ea5t &amp; N\u01b0\u1edbc: T\u1ea1o l\u1edbp m\u00e0ng tr\u01a1, b\u1ec1n b\u1ec9, ng\u0103n c\u1ea3n s\u1ef1 th\u1ea9m th\u1ea5u c\u1ee7a n\u01b0\u1edbc v\u00e0 c\u00e1c t\u00e1c nh\u00e2n g\u00e2y h\u1ea1i t\u1eeb m\u00f4i tr\u01b0\u1eddng.  \ud83d\udee0\ufe0f \u0110a D\u1ee5ng: C\u00f3 th\u1ec3 s\u1eed d\u1ee5ng l\u00e0m l\u1edbp l\u00f3t ch\u1ed1ng g\u1ec9 tr\u01b0\u1edbc khi b\u1ea3 matit, ho\u1eb7c l\u00e0m l\u1edbp l\u00f3t c\u00e1ch ly tr\u00ean n\u1ec1n s\u01a1n c\u0169 (t\u00f9y theo quy tr\u00ecnh k\u1ef9 thu\u1eadt c\u1ee5 th\u1ec3).  \u1ee8ng D\u1ee5ng Th\u1ef1c T\u1ebf   \u0110\u1ea1i tu to\u00e0n b\u1ed9 xe: L\u00f3t b\u1ea3o v\u1ec7 sau khi \u0111\u00e3 t\u1ea9y s\u01a1n c\u0169 v\u1ec1 kim lo\u1ea1i tr\u1ea7n.  Thay th\u1ebf ph\u1ee5 t\u00f9ng: L\u00f3t l\u00ean c\u00e1c t\u1ea5m v\u1ecf m\u1edbi (c\u1eeda, tai xe, n\u1eafp capo...) tr\u01b0\u1edbc khi s\u01a1n.  S\u01a1n tr\u00ean c\u00e1c v\u1eadt li\u1ec7u \u0111\u1eb7c bi\u1ec7t: Nh\u00f4m, k\u1ebdm, th\u00e9p kh\u00f4ng g\u1ec9.  Mua S\u01a1n L\u00f3t Ch\u1ed1ng G\u1ec9 9700R.L Ch\u1ea5t L\u01b0\u1ee3ng T\u1ea1i H\u00e0 N\u1ed9i B\u1ea3o v\u1ec7 uy t\u00edn c\u1ee7a Gara b\u1eaft \u0111\u1ea7u t\u1eeb vi\u1ec7c b\u1ea3o v\u1ec7 c\u1ed1t l\u00f5i c\u1ee7a chi\u1ebfc xe. H\u00e3y ch\u1ecdn S\u01a1n l\u00f3t ch\u1ed1ng g\u1ec9 9700R.L ch\u00ednh h\u00e3ng t\u1ea1i S\u01a1n \u00d4 T\u00f4 H\u00f9ng Ph\u00e1t \u0111\u1ec3 y\u00ean t\u00e2m tuy\u1ec7t \u0111\u1ed1i v\u1ec1 ch\u1ea5t l\u01b0\u1ee3ng c\u00f4ng tr\u00ecnh.   \u2705 H\u00e0ng ch\u00ednh h\u00e3ng, ti\u00eau chu\u1ea9n nh\u00e0 m\u00e1y.  \u2705 T\u01b0 v\u1ea5n quy tr\u00ecnh s\u01a1n ch\u1ed1ng r\u1ec9 chu\u1ea9n x\u00e1c nh\u1ea5t.  \u2705 Gi\u00e1 th\u00e0nh c\u1ea1nh tranh, chi\u1ebft kh\u1ea5u t\u1ed1t cho Gara.     Li\u00ean H\u1ec7 Ngay \u0110\u1ec3 \u0110\u01b0\u1ee3c T\u01b0 V\u1ea5n! \u0110\u1eebng \u0111\u1ec3 r\u1ec9 s\u00e9t ph\u00e1 h\u1ecfng c\u00f4ng s\u1ee9c c\u1ee7a b\u1ea1n. H\u00e3y b\u1eaft \u0111\u1ea7u v\u1edbi n\u1ec1n m\u00f3ng v\u1eefng ch\u1eafc nh\u1ea5t t\u1eeb H\u00f9ng Ph\u00e1t.  C\u00d4NG TY S\u01a0N \u00d4 T\u00d4 H\u00d9NG PH\u00c1T   Hotline\/Zalo: 0964.310.488  \u0110\u1ecba ch\u1ec9: 89 ng\u00f5 75 Xu\u00e2n \u0110\u1ec9nh, Q. B\u1eafc T\u1eeb Li\u00eam, H\u00e0 N\u1ed9i  Website: sonotohungphat.com\" \/>\n<meta property=\"og:url\" content=\"https:\/\/sonotohungphat.com\/?product=son-lot-chong-gi-genrock-9700r-l\" \/>\n<meta property=\"og:site_name\" content=\"S\u01a1n \u00f4 t\u00f4 H\u00f9ng Ph\u00e1t\" \/>\n<meta property=\"og:image\" content=\"https:\/\/sonotohungphat.com\/wp-content\/uploads\/2025\/11\/9700R.L-9732.L.png\" \/>\n\t<meta property=\"og:image:width\" content=\"1000\" \/>\n\t<meta property=\"og:image:height\" content=\"1000\" \/>\n\t<meta property=\"og:image:type\" content=\"image\/png\" \/>\n<meta name=\"twitter:card\" content=\"summary_large_image\" \/>\n<script type=\"application\/ld+json\" class=\"yoast-schema-graph\">{\"@context\":\"https:\/\/schema.org\",\"@graph\":[{\"@type\":\"WebPage\",\"@id\":\"https:\/\/sonotohungphat.com\/?product=son-lot-chong-gi-genrock-9700r-l\",\"url\":\"https:\/\/sonotohungphat.com\/?product=son-lot-chong-gi-genrock-9700r-l\",\"name\":\"S\u01a1n l\u00f3t ch\u1ed1ng g\u1ec9 GENROCK 9700R.L - S\u01a1n \u00f4 t\u00f4 H\u00f9ng Ph\u00e1t\",\"isPartOf\":{\"@id\":\"https:\/\/sonotohungphat.com\/#website\"},\"datePublished\":\"2025-11-07T12:59:26+00:00\",\"dateModified\":\"2025-11-07T12:59:26+00:00\",\"breadcrumb\":{\"@id\":\"https:\/\/sonotohungphat.com\/?product=son-lot-chong-gi-genrock-9700r-l#breadcrumb\"},\"inLanguage\":\"vi\",\"potentialAction\":[{\"@type\":\"ReadAction\",\"target\":[\"https:\/\/sonotohungphat.com\/?product=son-lot-chong-gi-genrock-9700r-l\"]}]},{\"@type\":\"BreadcrumbList\",\"@id\":\"https:\/\/sonotohungphat.com\/?product=son-lot-chong-gi-genrock-9700r-l#breadcrumb\",\"itemListElement\":[{\"@type\":\"ListItem\",\"position\":1,\"name\":\"Home\",\"item\":\"https:\/\/sonotohungphat.com\/\"},{\"@type\":\"ListItem\",\"position\":2,\"name\":\"C\u1eeda h\u00e0ng\",\"item\":\"https:\/\/sonotohungphat.com\/?page_id=139\"},{\"@type\":\"ListItem\",\"position\":3,\"name\":\"S\u01a1n l\u00f3t ch\u1ed1ng g\u1ec9 GENROCK 9700R.L\"}]},{\"@type\":\"WebSite\",\"@id\":\"https:\/\/sonotohungphat.com\/#website\",\"url\":\"https:\/\/sonotohungphat.com\/\",\"name\":\"S\u01a1n \u00f4 t\u00f4 H\u00f9ng Ph\u00e1t\",\"description\":\"Nh\u1eadp kh\u1ea9u v\u00e0 ph\u00e2n ph\u1ed1i \u0111\u1ed9c quy\u1ec1n s\u01a1n GENROCK t\u1ea1i th\u1ecb tr\u01b0\u1eddng Vi\u1ec7t Nam\",\"potentialAction\":[{\"@type\":\"SearchAction\",\"target\":{\"@type\":\"EntryPoint\",\"urlTemplate\":\"https:\/\/sonotohungphat.com\/?s={search_term_string}\"},\"query-input\":\"required name=search_term_string\"}],\"inLanguage\":\"vi\"}]}<\/script>\n<!-- \/ Yoast SEO plugin. -->","yoast_head_json":{"title":"S\u01a1n l\u00f3t ch\u1ed1ng g\u1ec9 GENROCK 9700R.L - S\u01a1n \u00f4 t\u00f4 H\u00f9ng Ph\u00e1t","robots":{"index":"index","follow":"follow","max-snippet":"max-snippet:-1","max-image-preview":"max-image-preview:large","max-video-preview":"max-video-preview:-1"},"canonical":"https:\/\/sonotohungphat.com\/?product=son-lot-chong-gi-genrock-9700r-l","og_locale":"vi_VN","og_type":"article","og_title":"S\u01a1n l\u00f3t ch\u1ed1ng g\u1ec9 GENROCK 9700R.L - S\u01a1n \u00f4 t\u00f4 H\u00f9ng Ph\u00e1t","og_description":"S\u01a1n L\u00f3t 9700R.L: N\u1ec1n M\u00f3ng V\u1eefng Ch\u1eafc Cho M\u1ecdi C\u00f4ng Tr\u00ecnh S\u01a1n Tr\u01b0\u1edbc khi ngh\u0129 \u0111\u1ebfn m\u1ed9t l\u1edbp s\u01a1n b\u00f3ng \u0111\u1eb9p, \u0111i\u1ec1u quan tr\u1ecdng nh\u1ea5t l\u00e0 ph\u1ea3i \u0111\u1ea3m b\u1ea3o th\u00e2n v\u1ecf chi\u1ebfc xe kh\u00f4ng b\u1ecb \"t\u00e0n ph\u00e1\" b\u1edfi r\u1ec9 s\u00e9t t\u1eeb b\u00ean trong. S\u01a1n l\u00f3t ch\u1ed1ng g\u1ec9 9700R.L ch\u00ednh l\u00e0 gi\u1ea3i ph\u00e1p chuy\u00ean nghi\u1ec7p \u0111\u01b0\u1ee3c thi\u1ebft k\u1ebf \u0111\u1ec3 l\u00e0m l\u1edbp b\u1ea3o v\u1ec7 \u0111\u1ea7u ti\u00ean, ti\u1ebfp x\u00fac tr\u1ef1c ti\u1ebfp v\u1edbi b\u1ec1 m\u1eb7t kim lo\u1ea1i.  \u0110\u1ed1i v\u1edbi c\u00e1c Gara chuy\u00ean ph\u1ee5c h\u1ed3i xe c\u0169, xe tai n\u1ea1n ho\u1eb7c thay th\u1ebf t\u1ea5m v\u1ecf m\u1edbi, 9700R.L l\u00e0 v\u1eadt t\u01b0 kh\u00f4ng th\u1ec3 thi\u1ebfu \u0111\u1ec3 \u0111\u1ea3m b\u1ea3o \u0111\u1ed9 b\u1ec1n l\u00e2u d\u00e0i cho s\u1ea3n ph\u1ea9m sau khi ho\u00e0n thi\u1ec7n. T\u1ea1i Sao C\u1ea7n S\u1eed D\u1ee5ng S\u01a1n L\u00f3t Ch\u1ed1ng G\u1ec9 9700R.L? 9700R.L mang l\u1ea1i nh\u1eefng l\u1ee3i \u00edch c\u1ed1t l\u00f5i m\u00e0 c\u00e1c lo\u1ea1i s\u01a1n l\u00f3t th\u00f4ng th\u01b0\u1eddng kh\u00f4ng th\u1ec3 thay th\u1ebf:   \ud83d\udee1\ufe0f Ch\u1ed1ng \u0102n M\u00f2n Tuy\u1ec7t \u0110\u1ed1i (Anti-Corrosion): Ch\u1ee9a c\u00e1c th\u00e0nh ph\u1ea7n \u1ee9c ch\u1ebf r\u1ec9 s\u00e9t \u0111\u1eb7c bi\u1ec7t, 9700R.L ng\u0103n ch\u1eb7n hi\u1ec7u qu\u1ea3 qu\u00e1 tr\u00ecnh oxy h\u00f3a, b\u1ea3o v\u1ec7 b\u1ec1 m\u1eb7t kim lo\u1ea1i kh\u1ecfi s\u1ef1 t\u1ea5n c\u00f4ng c\u1ee7a \u0111\u1ed9 \u1ea9m v\u00e0 mu\u1ed1i m\u1eb7n.  \u2693 \u0110\u1ed9 B\u00e1m D\u00ednh C\u1ef1c Cao: \u0110\u01b0\u1ee3c thi\u1ebft k\u1ebf \u0111\u1ec3 \"\u0103n\" s\u00e2u v\u00e0o c\u00e1c b\u1ec1 m\u1eb7t kh\u00f3 b\u00e1m nh\u01b0: th\u00e9p tr\u1ea7n, nh\u00f4m, t\u00f4n m\u1ea1 k\u1ebdm, inox... t\u1ea1o ra m\u1ed9t l\u1edbp ch\u00e2n b\u00e1m v\u1eefng ch\u1eafc cho c\u00e1c l\u1edbp ma t\u00edt ho\u1eb7c s\u01a1n l\u00f3t n\u1ec1n ti\u1ebfp theo.  \ud83d\udca7 Kh\u00e1ng H\u00f3a Ch\u1ea5t &amp; N\u01b0\u1edbc: T\u1ea1o l\u1edbp m\u00e0ng tr\u01a1, b\u1ec1n b\u1ec9, ng\u0103n c\u1ea3n s\u1ef1 th\u1ea9m th\u1ea5u c\u1ee7a n\u01b0\u1edbc v\u00e0 c\u00e1c t\u00e1c nh\u00e2n g\u00e2y h\u1ea1i t\u1eeb m\u00f4i tr\u01b0\u1eddng.  \ud83d\udee0\ufe0f \u0110a D\u1ee5ng: C\u00f3 th\u1ec3 s\u1eed d\u1ee5ng l\u00e0m l\u1edbp l\u00f3t ch\u1ed1ng g\u1ec9 tr\u01b0\u1edbc khi b\u1ea3 matit, ho\u1eb7c l\u00e0m l\u1edbp l\u00f3t c\u00e1ch ly tr\u00ean n\u1ec1n s\u01a1n c\u0169 (t\u00f9y theo quy tr\u00ecnh k\u1ef9 thu\u1eadt c\u1ee5 th\u1ec3).  \u1ee8ng D\u1ee5ng Th\u1ef1c T\u1ebf   \u0110\u1ea1i tu to\u00e0n b\u1ed9 xe: L\u00f3t b\u1ea3o v\u1ec7 sau khi \u0111\u00e3 t\u1ea9y s\u01a1n c\u0169 v\u1ec1 kim lo\u1ea1i tr\u1ea7n.  Thay th\u1ebf ph\u1ee5 t\u00f9ng: L\u00f3t l\u00ean c\u00e1c t\u1ea5m v\u1ecf m\u1edbi (c\u1eeda, tai xe, n\u1eafp capo...) tr\u01b0\u1edbc khi s\u01a1n.  S\u01a1n tr\u00ean c\u00e1c v\u1eadt li\u1ec7u \u0111\u1eb7c bi\u1ec7t: Nh\u00f4m, k\u1ebdm, th\u00e9p kh\u00f4ng g\u1ec9.  Mua S\u01a1n L\u00f3t Ch\u1ed1ng G\u1ec9 9700R.L Ch\u1ea5t L\u01b0\u1ee3ng T\u1ea1i H\u00e0 N\u1ed9i B\u1ea3o v\u1ec7 uy t\u00edn c\u1ee7a Gara b\u1eaft \u0111\u1ea7u t\u1eeb vi\u1ec7c b\u1ea3o v\u1ec7 c\u1ed1t l\u00f5i c\u1ee7a chi\u1ebfc xe. H\u00e3y ch\u1ecdn S\u01a1n l\u00f3t ch\u1ed1ng g\u1ec9 9700R.L ch\u00ednh h\u00e3ng t\u1ea1i S\u01a1n \u00d4 T\u00f4 H\u00f9ng Ph\u00e1t \u0111\u1ec3 y\u00ean t\u00e2m tuy\u1ec7t \u0111\u1ed1i v\u1ec1 ch\u1ea5t l\u01b0\u1ee3ng c\u00f4ng tr\u00ecnh.   \u2705 H\u00e0ng ch\u00ednh h\u00e3ng, ti\u00eau chu\u1ea9n nh\u00e0 m\u00e1y.  \u2705 T\u01b0 v\u1ea5n quy tr\u00ecnh s\u01a1n ch\u1ed1ng r\u1ec9 chu\u1ea9n x\u00e1c nh\u1ea5t.  \u2705 Gi\u00e1 th\u00e0nh c\u1ea1nh tranh, chi\u1ebft kh\u1ea5u t\u1ed1t cho Gara.     Li\u00ean H\u1ec7 Ngay \u0110\u1ec3 \u0110\u01b0\u1ee3c T\u01b0 V\u1ea5n! \u0110\u1eebng \u0111\u1ec3 r\u1ec9 s\u00e9t ph\u00e1 h\u1ecfng c\u00f4ng s\u1ee9c c\u1ee7a b\u1ea1n. H\u00e3y b\u1eaft \u0111\u1ea7u v\u1edbi n\u1ec1n m\u00f3ng v\u1eefng ch\u1eafc nh\u1ea5t t\u1eeb H\u00f9ng Ph\u00e1t.  C\u00d4NG TY S\u01a0N \u00d4 T\u00d4 H\u00d9NG PH\u00c1T   Hotline\/Zalo: 0964.310.488  \u0110\u1ecba ch\u1ec9: 89 ng\u00f5 75 Xu\u00e2n \u0110\u1ec9nh, Q. B\u1eafc T\u1eeb Li\u00eam, H\u00e0 N\u1ed9i  Website: sonotohungphat.com","og_url":"https:\/\/sonotohungphat.com\/?product=son-lot-chong-gi-genrock-9700r-l","og_site_name":"S\u01a1n \u00f4 t\u00f4 H\u00f9ng Ph\u00e1t","og_image":[{"width":1000,"height":1000,"url":"https:\/\/sonotohungphat.com\/wp-content\/uploads\/2025\/11\/9700R.L-9732.L.png","type":"image\/png"}],"twitter_card":"summary_large_image","schema":{"@context":"https:\/\/schema.org","@graph":[{"@type":"WebPage","@id":"https:\/\/sonotohungphat.com\/?product=son-lot-chong-gi-genrock-9700r-l","url":"https:\/\/sonotohungphat.com\/?product=son-lot-chong-gi-genrock-9700r-l","name":"S\u01a1n l\u00f3t ch\u1ed1ng g\u1ec9 GENROCK 9700R.L - S\u01a1n \u00f4 t\u00f4 H\u00f9ng Ph\u00e1t","isPartOf":{"@id":"https:\/\/sonotohungphat.com\/#website"},"datePublished":"2025-11-07T12:59:26+00:00","dateModified":"2025-11-07T12:59:26+00:00","breadcrumb":{"@id":"https:\/\/sonotohungphat.com\/?product=son-lot-chong-gi-genrock-9700r-l#breadcrumb"},"inLanguage":"vi","potentialAction":[{"@type":"ReadAction","target":["https:\/\/sonotohungphat.com\/?product=son-lot-chong-gi-genrock-9700r-l"]}]},{"@type":"BreadcrumbList","@id":"https:\/\/sonotohungphat.com\/?product=son-lot-chong-gi-genrock-9700r-l#breadcrumb","itemListElement":[{"@type":"ListItem","position":1,"name":"Home","item":"https:\/\/sonotohungphat.com\/"},{"@type":"ListItem","position":2,"name":"C\u1eeda h\u00e0ng","item":"https:\/\/sonotohungphat.com\/?page_id=139"},{"@type":"ListItem","position":3,"name":"S\u01a1n l\u00f3t ch\u1ed1ng g\u1ec9 GENROCK 9700R.L"}]},{"@type":"WebSite","@id":"https:\/\/sonotohungphat.com\/#website","url":"https:\/\/sonotohungphat.com\/","name":"S\u01a1n \u00f4 t\u00f4 H\u00f9ng Ph\u00e1t","description":"Nh\u1eadp kh\u1ea9u v\u00e0 ph\u00e2n ph\u1ed1i \u0111\u1ed9c quy\u1ec1n s\u01a1n GENROCK t\u1ea1i th\u1ecb tr\u01b0\u1eddng Vi\u1ec7t Nam","potentialAction":[{"@type":"SearchAction","target":{"@type":"EntryPoint","urlTemplate":"https:\/\/sonotohungphat.com\/?s={search_term_string}"},"query-input":"required name=search_term_string"}],"inLanguage":"vi"}]}},"_links":{"self":[{"href":"https:\/\/sonotohungphat.com\/index.php?rest_route=\/wp\/v2\/product\/657","targetHints":{"allow":["GET"]}}],"collection":[{"href":"https:\/\/sonotohungphat.com\/index.php?rest_route=\/wp\/v2\/product"}],"about":[{"href":"https:\/\/sonotohungphat.com\/index.php?rest_route=\/wp\/v2\/types\/product"}],"replies":[{"embeddable":true,"href":"https:\/\/sonotohungphat.com\/index.php?rest_route=%2Fwp%2Fv2%2Fcomments&post=657"}],"wp:featuredmedia":[{"embeddable":true,"href":"https:\/\/sonotohungphat.com\/index.php?rest_route=\/wp\/v2\/media\/658"}],"wp:attachment":[{"href":"https:\/\/sonotohungphat.com\/index.php?rest_route=%2Fwp%2Fv2%2Fmedia&parent=657"}],"wp:term":[{"taxonomy":"product_cat","embeddable":true,"href":"https:\/\/sonotohungphat.com\/index.php?rest_route=%2Fwp%2Fv2%2Fproduct_cat&post=657"},{"taxonomy":"product_tag","embeddable":true,"href":"https:\/\/sonotohungphat.com\/index.php?rest_route=%2Fwp%2Fv2%2Fproduct_tag&post=657"}],"curies":[{"name":"wp","href":"https:\/\/api.w.org\/{rel}","templated":true}]}}